{"id":103,"date":"2011-05-29T23:35:10","date_gmt":"2011-05-29T20:35:10","guid":{"rendered":"http:\/\/www.launostenkartano.com\/tarina\/?page_id=103"},"modified":"2024-04-07T18:40:32","modified_gmt":"2024-04-07T16:40:32","slug":"ratsastus","status":"publish","type":"page","link":"https:\/\/www.launostenkartano.com\/?page_id=103","title":{"rendered":"Toimintaa"},"content":{"rendered":"<p><strong>Paimentamista<\/strong><\/p>\n<p><a href=\"https:\/\/www.launostenkartano.com\/tarina\/wp-content\/uploads\/2011\/05\/14976408_1106042909491830_3056240777274323627_o.jpg\"><img loading=\"lazy\" decoding=\"async\" class=\"alignright size-medium wp-image-752\" src=\"https:\/\/www.launostenkartano.com\/tarina\/wp-content\/uploads\/2011\/05\/14976408_1106042909491830_3056240777274323627_o-300x225.jpg\" alt=\"\" width=\"300\" height=\"225\" srcset=\"https:\/\/www.launostenkartano.com\/tarina\/wp-content\/uploads\/2011\/05\/14976408_1106042909491830_3056240777274323627_o-300x225.jpg 300w, https:\/\/www.launostenkartano.com\/tarina\/wp-content\/uploads\/2011\/05\/14976408_1106042909491830_3056240777274323627_o-768x576.jpg 768w, https:\/\/www.launostenkartano.com\/tarina\/wp-content\/uploads\/2011\/05\/14976408_1106042909491830_3056240777274323627_o-1024x768.jpg 1024w, https:\/\/www.launostenkartano.com\/tarina\/wp-content\/uploads\/2011\/05\/14976408_1106042909491830_3056240777274323627_o.jpg 2048w\" sizes=\"auto, (max-width: 300px) 100vw, 300px\" \/><\/a><\/p>\n<p>Hevospaimennusta harrastetaan, koulutetaan ja kilpaillaan amerikkalaisella tyylill\u00e4 eli karjatilamme tarjoaa karjapaimenille puitteet mahdollisimman monipuoliseen puuhaamiseen. My\u00f6s &#8217;wannabee&#8217; cowboyt p\u00e4\u00e4sev\u00e4t toimintaan mukaan ja koulutusta l\u00f6ytyy kaiken tasoisille ja kokoisille halukkaille.<\/p>\n<p>&nbsp;<\/p>\n<p>&nbsp;<\/p>\n<p><a href=\"https:\/\/www.launostenkartano.com\/tarina\/wp-content\/uploads\/2011\/05\/IMG_0256.jpg\"><img loading=\"lazy\" decoding=\"async\" class=\"alignright size-medium wp-image-877\" src=\"https:\/\/www.launostenkartano.com\/tarina\/wp-content\/uploads\/2011\/05\/IMG_0256-300x200.jpg\" alt=\"\" width=\"300\" height=\"200\" srcset=\"https:\/\/www.launostenkartano.com\/tarina\/wp-content\/uploads\/2011\/05\/IMG_0256-300x200.jpg 300w, https:\/\/www.launostenkartano.com\/tarina\/wp-content\/uploads\/2011\/05\/IMG_0256-768x513.jpg 768w, https:\/\/www.launostenkartano.com\/tarina\/wp-content\/uploads\/2011\/05\/IMG_0256-1024x684.jpg 1024w\" sizes=\"auto, (max-width: 300px) 100vw, 300px\" \/><\/a><\/p>\n<p>P\u00e4\u00e4s\u00e4\u00e4nt\u00f6iset kilpalajit, joihin kurssitamme ja valmennamme ratsastajia, ovat cattle penning, team pennin, team sorting ja cattle trail.<\/p>\n<p><a href=\"https:\/\/www.launostenkartano.com\/tarina\/wp-content\/uploads\/2011\/05\/11228530_10206043665868190_8607616580596531635_o.jpg\"><img loading=\"lazy\" decoding=\"async\" class=\"size-medium wp-image-878 alignleft\" src=\"https:\/\/www.launostenkartano.com\/tarina\/wp-content\/uploads\/2011\/05\/11228530_10206043665868190_8607616580596531635_o-300x208.jpg\" alt=\"\" width=\"300\" height=\"208\" srcset=\"https:\/\/www.launostenkartano.com\/tarina\/wp-content\/uploads\/2011\/05\/11228530_10206043665868190_8607616580596531635_o-300x208.jpg 300w, https:\/\/www.launostenkartano.com\/tarina\/wp-content\/uploads\/2011\/05\/11228530_10206043665868190_8607616580596531635_o-768x533.jpg 768w, https:\/\/www.launostenkartano.com\/tarina\/wp-content\/uploads\/2011\/05\/11228530_10206043665868190_8607616580596531635_o-1024x710.jpg 1024w, https:\/\/www.launostenkartano.com\/tarina\/wp-content\/uploads\/2011\/05\/11228530_10206043665868190_8607616580596531635_o.jpg 1035w\" sizes=\"auto, (max-width: 300px) 100vw, 300px\" \/><\/a><\/p>\n<p>&nbsp;<\/p>\n<p>&nbsp;<\/p>\n<p>Ilman karjaa harjoiteltaviin lajeihin kuuluvat ranch trail ja barrel race on edustettuna kurrsi- ja harjoiteluvalikoimassa.<\/p>\n<p><a href=\"https:\/\/www.launostenkartano.com\/tarina\/wp-content\/uploads\/2011\/05\/IMG_2796.jpg\"><img loading=\"lazy\" decoding=\"async\" class=\"alignright size-medium wp-image-668\" src=\"https:\/\/www.launostenkartano.com\/tarina\/wp-content\/uploads\/2011\/05\/IMG_2796-300x225.jpg\" alt=\"\" width=\"300\" height=\"225\" srcset=\"https:\/\/www.launostenkartano.com\/tarina\/wp-content\/uploads\/2011\/05\/IMG_2796-300x225.jpg 300w, https:\/\/www.launostenkartano.com\/tarina\/wp-content\/uploads\/2011\/05\/IMG_2796-1024x768.jpg 1024w\" sizes=\"auto, (max-width: 300px) 100vw, 300px\" \/><\/a><\/p>\n<p>&nbsp;<\/p>\n<p>&nbsp;<\/p>\n<p><strong>Ratsastustunnit<\/strong><\/p>\n<p>Perusratsastustaitoja voi opeella irtotunneilla niin l\u00e4nnenratsastksessa kuin perinteisell\u00e4 tyylill\u00e4. Yleens\u00e4 tunnit ovat yksityistunteja tai pienryhm\u00e4 tunteja.<\/p>\n<p>&nbsp;<\/p>\n<p>&nbsp;<\/p>\n<p><a href=\"https:\/\/www.launostenkartano.com\/tarina\/wp-content\/uploads\/2024\/04\/IMG-20210605-WA0004.jpg\"><img loading=\"lazy\" decoding=\"async\" class=\"alignright size-medium wp-image-1165\" src=\"https:\/\/www.launostenkartano.com\/tarina\/wp-content\/uploads\/2024\/04\/IMG-20210605-WA0004-225x300.jpg\" alt=\"\" width=\"225\" height=\"300\" srcset=\"https:\/\/www.launostenkartano.com\/tarina\/wp-content\/uploads\/2024\/04\/IMG-20210605-WA0004-225x300.jpg 225w, https:\/\/www.launostenkartano.com\/tarina\/wp-content\/uploads\/2024\/04\/IMG-20210605-WA0004-768x1024.jpg 768w, https:\/\/www.launostenkartano.com\/tarina\/wp-content\/uploads\/2024\/04\/IMG-20210605-WA0004-1152x1536.jpg 1152w, https:\/\/www.launostenkartano.com\/tarina\/wp-content\/uploads\/2024\/04\/IMG-20210605-WA0004.jpg 1200w\" sizes=\"auto, (max-width: 225px) 100vw, 225px\" \/><\/a><\/p>\n<p><strong>Historiallinen ratsastus<\/strong><\/p>\n<p>Historiallista ratsastusta voi opetella joko irtotunneilla tai minikursseilla, jossa k\u00e4yd\u00e4\u00e4n l\u00e4pi sek\u00e4 teoriaa, asetekniikoita ett\u00e4 ratsastusta. Koulutuksessa pyrit\u00e4\u00e4n antamaan perusteet Skill at Arms-lajin harrastamiseen ja kilpailemiseen.<\/p>\n<p>&nbsp;<\/p>\n<p>&nbsp;<\/p>\n<p><strong>Majoittuminen<\/strong><\/p>\n<p><img loading=\"lazy\" decoding=\"async\" class=\"alignright size-medium wp-image-86\" src=\"https:\/\/www.launostenkartano.com\/tarina\/wp-content\/uploads\/2011\/05\/gal5-300x212.jpg\" alt=\"Pehtoorintie 18\" width=\"300\" height=\"212\" srcset=\"https:\/\/www.launostenkartano.com\/tarina\/wp-content\/uploads\/2011\/05\/gal5-300x212.jpg 300w, https:\/\/www.launostenkartano.com\/tarina\/wp-content\/uploads\/2011\/05\/gal5.jpg 500w\" sizes=\"auto, (max-width: 300px) 100vw, 300px\" \/>Tilallamme on mahdollista y\u00f6py\u00e4 p\u00e4\u00e4rakennuksen alakerrassa. Huoneet ovat kahden hengen huoneita joihin voi sijoittaa yhden lis\u00e4vuoteen. K\u00e4ytett\u00e4viss\u00e4 on yhteinen keitti\u00f6 ja vessa sek\u00e4 mahdollisuus saunoa pihasaunassa. Koirat on pidet\u00e4v\u00e4 kytkettyin\u00e4.<\/p>\n<p><a href=\"https:\/\/www.launostenkartano.com\/tarina\/wp-content\/uploads\/2011\/05\/13737686_1012776552151800_5534854228911360107_o.jpg\"><img loading=\"lazy\" decoding=\"async\" class=\"size-medium wp-image-876 alignleft\" src=\"https:\/\/www.launostenkartano.com\/tarina\/wp-content\/uploads\/2011\/05\/13737686_1012776552151800_5534854228911360107_o-300x225.jpg\" alt=\"\" width=\"300\" height=\"225\" srcset=\"https:\/\/www.launostenkartano.com\/tarina\/wp-content\/uploads\/2011\/05\/13737686_1012776552151800_5534854228911360107_o-300x225.jpg 300w, https:\/\/www.launostenkartano.com\/tarina\/wp-content\/uploads\/2011\/05\/13737686_1012776552151800_5534854228911360107_o-768x576.jpg 768w, https:\/\/www.launostenkartano.com\/tarina\/wp-content\/uploads\/2011\/05\/13737686_1012776552151800_5534854228911360107_o-1024x768.jpg 1024w, https:\/\/www.launostenkartano.com\/tarina\/wp-content\/uploads\/2011\/05\/13737686_1012776552151800_5534854228911360107_o.jpg 2048w\" sizes=\"auto, (max-width: 300px) 100vw, 300px\" \/><\/a><\/p>\n<p>&nbsp;<\/p>\n<p>Isompien tilaisuuksien aikana on tarjolla patjatilaa paimenen verran tai telttamajoitusta. Vierailevat hevoset voidaan majoittaa joko tallissa, pihatossa tai laitumella tarpen mukaan. P\u00e4iv\u00e4karsina\/tarhapaikka maksaa 10\u20ac ja y\u00f6pyv\u00e4st\u00e4 hevosesta perit\u00e4\u00e4n 20\u20ac\/vrk sis\u00e4lt\u00e4en kuivikkeen, hein\u00e4n ja veden.<\/p>\n<p>&nbsp;<\/p>\n<p><strong>Ruokailu<\/strong><\/p>\n<p><a href=\"https:\/\/www.launostenkartano.com\/tarina\/wp-content\/uploads\/2011\/05\/29313796_1569104033185713_3462590878709710848_o.jpg\"><img loading=\"lazy\" decoding=\"async\" class=\"alignright size-medium wp-image-875\" src=\"https:\/\/www.launostenkartano.com\/tarina\/wp-content\/uploads\/2011\/05\/29313796_1569104033185713_3462590878709710848_o-300x225.jpg\" alt=\"\" width=\"300\" height=\"225\" srcset=\"https:\/\/www.launostenkartano.com\/tarina\/wp-content\/uploads\/2011\/05\/29313796_1569104033185713_3462590878709710848_o-300x225.jpg 300w, https:\/\/www.launostenkartano.com\/tarina\/wp-content\/uploads\/2011\/05\/29313796_1569104033185713_3462590878709710848_o-768x576.jpg 768w, https:\/\/www.launostenkartano.com\/tarina\/wp-content\/uploads\/2011\/05\/29313796_1569104033185713_3462590878709710848_o-1024x768.jpg 1024w, https:\/\/www.launostenkartano.com\/tarina\/wp-content\/uploads\/2011\/05\/29313796_1569104033185713_3462590878709710848_o.jpg 2048w\" sizes=\"auto, (max-width: 300px) 100vw, 300px\" \/><\/a>Karjatilamme leiri\u00a0 toimii muonitusyksikk\u00f6n\u00e4. Vakio tarjoiluna on nokikahvia ja nuotiomakkaraa, mik\u00e4li avotulenteko on maakunnallisesti kielletty keit\u00e4mme kahvin keittimell\u00e4 ja grillaamme makkarat kaasugrilliss\u00e4.<\/p>\n<p><a href=\"https:\/\/www.launostenkartano.com\/tarina\/wp-content\/uploads\/2011\/05\/964157_464981270264667_790416643_o.jpg\"><img loading=\"lazy\" decoding=\"async\" class=\"size-medium wp-image-879 alignleft\" src=\"https:\/\/www.launostenkartano.com\/tarina\/wp-content\/uploads\/2011\/05\/964157_464981270264667_790416643_o-300x200.jpg\" alt=\"\" width=\"300\" height=\"200\" srcset=\"https:\/\/www.launostenkartano.com\/tarina\/wp-content\/uploads\/2011\/05\/964157_464981270264667_790416643_o-300x200.jpg 300w, https:\/\/www.launostenkartano.com\/tarina\/wp-content\/uploads\/2011\/05\/964157_464981270264667_790416643_o-768x513.jpg 768w, https:\/\/www.launostenkartano.com\/tarina\/wp-content\/uploads\/2011\/05\/964157_464981270264667_790416643_o-1024x684.jpg 1024w, https:\/\/www.launostenkartano.com\/tarina\/wp-content\/uploads\/2011\/05\/964157_464981270264667_790416643_o.jpg 2048w\" sizes=\"auto, (max-width: 300px) 100vw, 300px\" \/><\/a><\/p>\n<p>&nbsp;<\/p>\n<p>&nbsp;<\/p>\n<p>Omatoiminen ruokailu ja ev\u00e4iden nauttiminen on mahdollista ja l\u00e4mmityksen voi hoitaa nykyaikaiesti mikrolla.<\/p>\n<p>&nbsp;<\/p>\n<p>&nbsp;<\/p>\n<p>&nbsp;<\/p>\n<p><strong>Ty\u00f6nteko ja ty\u00f6harjoittelu<br \/>\n<\/strong><\/p>\n<p>Meill\u00e4 on mahdollista suorittaa TET- jaksoja. Otamme silloin t\u00e4ll\u00f6in my\u00f6s ty\u00f6ss\u00e4oppijoita eri oppilaitoksista. Jonkin verran tilallamme k\u00e4y my\u00f6s ty\u00f6voimatoimiston ty\u00f6el\u00e4m\u00e4\u00e4nvalmentautujia. Palkattua ty\u00f6voimaa meill\u00e4 ei ole t\u00e4ll\u00e4 hetkell\u00e4 lainkaan.<\/p>\n","protected":false},"excerpt":{"rendered":"<p>Paimentamista Hevospaimennusta harrastetaan, koulutetaan ja kilpaillaan amerikkalaisella tyylill\u00e4 eli karjatilamme tarjoaa karjapaimenille puitteet mahdollisimman monipuoliseen puuhaamiseen. My\u00f6s &#8217;wannabee&#8217; cowboyt p\u00e4\u00e4sev\u00e4t toimintaan mukaan ja koulutusta l\u00f6ytyy kaiken tasoisille ja kokoisille halukkaille. &nbsp; &nbsp; P\u00e4\u00e4s\u00e4\u00e4nt\u00f6iset kilpalajit, joihin kurssitamme ja valmennamme ratsastajia, ovat &hellip; <a href=\"https:\/\/www.launostenkartano.com\/?page_id=103\">Lue loppuun <span class=\"meta-nav\">&rarr;<\/span><\/a><\/p>\n","protected":false},"author":1,"featured_media":0,"parent":0,"menu_order":20,"comment_status":"closed","ping_status":"closed","template":"","meta":{"footnotes":""},"class_list":["post-103","page","type-page","status-publish","hentry"],"_links":{"self":[{"href":"https:\/\/www.launostenkartano.com\/index.php?rest_route=\/wp\/v2\/pages\/103","targetHints":{"allow":["GET"]}}],"collection":[{"href":"https:\/\/www.launostenkartano.com\/index.php?rest_route=\/wp\/v2\/pages"}],"about":[{"href":"https:\/\/www.launostenkartano.com\/index.php?rest_route=\/wp\/v2\/types\/page"}],"author":[{"embeddable":true,"href":"https:\/\/www.launostenkartano.com\/index.php?rest_route=\/wp\/v2\/users\/1"}],"replies":[{"embeddable":true,"href":"https:\/\/www.launostenkartano.com\/index.php?rest_route=%2Fwp%2Fv2%2Fcomments&post=103"}],"version-history":[{"count":48,"href":"https:\/\/www.launostenkartano.com\/index.php?rest_route=\/wp\/v2\/pages\/103\/revisions"}],"predecessor-version":[{"id":1173,"href":"https:\/\/www.launostenkartano.com\/index.php?rest_route=\/wp\/v2\/pages\/103\/revisions\/1173"}],"wp:attachment":[{"href":"https:\/\/www.launostenkartano.com\/index.php?rest_route=%2Fwp%2Fv2%2Fmedia&parent=103"}],"curies":[{"name":"wp","href":"https:\/\/api.w.org\/{rel}","templated":true}]}}