{"id":138,"date":"2011-05-30T20:08:47","date_gmt":"2011-05-30T17:08:47","guid":{"rendered":"http:\/\/www.launostenkartano.com\/tarina\/?page_id=138"},"modified":"2025-05-23T13:06:41","modified_gmt":"2025-05-23T11:06:41","slug":"hevoset-2","status":"publish","type":"page","link":"https:\/\/www.launostenkartano.com\/?page_id=138","title":{"rendered":"K\u00e4yt\u00f6ss\u00e4mme olevat hevoset"},"content":{"rendered":"\n<p><\/p>\n\n\n<h3><a href=\"https:\/\/www.launostenkartano.com\/tarina\/wp-content\/uploads\/2011\/05\/12011343_10206043672908366_180150202524215804_n.jpg\"><img loading=\"lazy\" decoding=\"async\" class=\"alignright size-medium wp-image-665\" title=\"12011343_10206043672908366_180150202524215804_n\" src=\"https:\/\/www.launostenkartano.com\/tarina\/wp-content\/uploads\/2011\/05\/12011343_10206043672908366_180150202524215804_n-300x200.jpg\" alt=\"\" width=\"300\" height=\"200\" srcset=\"https:\/\/www.launostenkartano.com\/tarina\/wp-content\/uploads\/2011\/05\/12011343_10206043672908366_180150202524215804_n-300x200.jpg 300w, https:\/\/www.launostenkartano.com\/tarina\/wp-content\/uploads\/2011\/05\/12011343_10206043672908366_180150202524215804_n.jpg 960w\" sizes=\"auto, (max-width: 300px) 100vw, 300px\" \/><\/a><\/h3>\n<p><strong>&#8221;Kamu&#8221;<\/strong><br \/>quarter ruuna<\/p>\n<p>Virpi ja Katin kisakaveri, karja- ja sotahevonen sek\u00e4 asiakasp\u00e4ivien johtohevonen, jonka parasta osaamista on nopeat l\u00e4hd\u00f6t ja ketter\u00e4t k\u00e4\u00e4nn\u00f6kset ja rohjkea luonne. Hevoslaumamme ferrari.<\/p>\n<h3><a href=\"https:\/\/www.launostenkartano.com\/tarina\/wp-content\/uploads\/2021\/04\/49931341278_58de8521d2_o.jpg\"><img loading=\"lazy\" decoding=\"async\" class=\"alignright size-medium wp-image-1082\" src=\"https:\/\/www.launostenkartano.com\/tarina\/wp-content\/uploads\/2021\/04\/49931341278_58de8521d2_o-300x200.jpg\" alt=\"\" width=\"300\" height=\"200\" srcset=\"https:\/\/www.launostenkartano.com\/tarina\/wp-content\/uploads\/2021\/04\/49931341278_58de8521d2_o-300x200.jpg 300w, https:\/\/www.launostenkartano.com\/tarina\/wp-content\/uploads\/2021\/04\/49931341278_58de8521d2_o-768x512.jpg 768w, https:\/\/www.launostenkartano.com\/tarina\/wp-content\/uploads\/2021\/04\/49931341278_58de8521d2_o-1024x683.jpg 1024w\" sizes=\"auto, (max-width: 300px) 100vw, 300px\" \/><\/a><\/h3>\n<p style=\"text-align: left;\"><strong>&#8221;Jussi&#8221;<\/strong><br \/>quarter, ruuna<\/p>\n<p>Ratsastustuntien ja historiallisen ratsastuksen varma konkari, joka toimii my\u00f6s terapiahevosena tarvittaessa. Karjaty\u00f6skentelyss\u00e4 vanha herra l\u00e4mpenee sen verran, ettei aloittelevia paimenia p\u00e4\u00e4stet\u00e4 tekem\u00e4\u00e4n t\u00e4ll\u00e4 t\u00f6it\u00e4. Ratsastusjousiammunta, Skill at Arms ja Ranch Trail ovat t\u00e4m\u00e4n pojan bravuurit.<\/p>\n<h3>\u00a0<\/h3>\n<h3>\u00a0<\/h3>\n<h3>\u00a0<\/h3>\n<h3>\u00a0<\/h3>\n<h3><strong>Czernia<\/strong><a href=\"https:\/\/www.launostenkartano.com\/tarina\/wp-content\/uploads\/2021\/04\/191207_Ritaripidot_6959.jpg\"><img loading=\"lazy\" decoding=\"async\" class=\"alignright size-medium wp-image-1086\" src=\"https:\/\/www.launostenkartano.com\/tarina\/wp-content\/uploads\/2021\/04\/191207_Ritaripidot_6959-300x200.jpg\" alt=\"\" width=\"300\" height=\"200\" srcset=\"https:\/\/www.launostenkartano.com\/tarina\/wp-content\/uploads\/2021\/04\/191207_Ritaripidot_6959-300x200.jpg 300w, https:\/\/www.launostenkartano.com\/tarina\/wp-content\/uploads\/2021\/04\/191207_Ritaripidot_6959-768x512.jpg 768w, https:\/\/www.launostenkartano.com\/tarina\/wp-content\/uploads\/2021\/04\/191207_Ritaripidot_6959-1024x683.jpg 1024w\" sizes=\"auto, (max-width: 300px) 100vw, 300px\" \/><\/a><\/h3>\n<p>Wielkopolski, tamma<\/p>\n<p>Katin oma sotahevonen, joka toimii l\u00e4hes lajissa kuin lajissa. <\/p>\n<h3><a href=\"https:\/\/www.launostenkartano.com\/tarina\/wp-content\/uploads\/2022\/07\/WhatsApp-Image-2022-07-27-at-6.11.40-PM-1.jpeg\"><img loading=\"lazy\" decoding=\"async\" class=\"wp-image-1102 size-medium alignright\" src=\"https:\/\/www.launostenkartano.com\/tarina\/wp-content\/uploads\/2022\/07\/WhatsApp-Image-2022-07-27-at-6.11.40-PM-1-292x300.jpeg\" alt=\"\" width=\"292\" height=\"300\" srcset=\"https:\/\/www.launostenkartano.com\/tarina\/wp-content\/uploads\/2022\/07\/WhatsApp-Image-2022-07-27-at-6.11.40-PM-1-292x300.jpeg 292w, https:\/\/www.launostenkartano.com\/tarina\/wp-content\/uploads\/2022\/07\/WhatsApp-Image-2022-07-27-at-6.11.40-PM-1-997x1024.jpeg 997w, https:\/\/www.launostenkartano.com\/tarina\/wp-content\/uploads\/2022\/07\/WhatsApp-Image-2022-07-27-at-6.11.40-PM-1-768x788.jpeg 768w, https:\/\/www.launostenkartano.com\/tarina\/wp-content\/uploads\/2022\/07\/WhatsApp-Image-2022-07-27-at-6.11.40-PM-1.jpeg 1200w\" sizes=\"auto, (max-width: 292px) 100vw, 292px\" \/><\/a><\/h3>\n<p><strong>&#8221;Baby&#8221;<\/strong><br \/>quarter, tamma<\/p>\n<p>Vanha rouva on viel\u00e4 mukana toiminnassa kevyell\u00e4 m\u00e4\u00e4r\u00e4ll\u00e4. Varma ja luotettava terapiahevonen, super p\u00e4tev\u00e4 karjaty\u00f6skentelij\u00e4, ratsastusjousiammunan helmi ja kaikkien rakastama maastomopo.<\/p>\n<h3>\u00a0<\/h3>\n<p style=\"text-align: left;\"><strong>&#8221;Huli&#8221;<\/strong><br \/>quarter, ruuna<a href=\"https:\/\/www.launostenkartano.com\/tarina\/wp-content\/uploads\/2024\/04\/huli.jpg\"><img loading=\"lazy\" decoding=\"async\" class=\"alignright size-medium wp-image-1152\" src=\"https:\/\/www.launostenkartano.com\/tarina\/wp-content\/uploads\/2024\/04\/huli-224x300.jpg\" alt=\"\" width=\"224\" height=\"300\" srcset=\"https:\/\/www.launostenkartano.com\/tarina\/wp-content\/uploads\/2024\/04\/huli-224x300.jpg 224w, https:\/\/www.launostenkartano.com\/tarina\/wp-content\/uploads\/2024\/04\/huli-766x1024.jpg 766w, https:\/\/www.launostenkartano.com\/tarina\/wp-content\/uploads\/2024\/04\/huli-768x1027.jpg 768w, https:\/\/www.launostenkartano.com\/tarina\/wp-content\/uploads\/2024\/04\/huli-1148x1536.jpg 1148w, https:\/\/www.launostenkartano.com\/tarina\/wp-content\/uploads\/2024\/04\/huli-1531x2048.jpg 1531w, https:\/\/www.launostenkartano.com\/tarina\/wp-content\/uploads\/2024\/04\/huli.jpg 1553w\" sizes=\"auto, (max-width: 224px) 100vw, 224px\" \/><\/a><\/p>\n<p>Huli on ollut vasta lyhyen aikaa mukana asiakask\u00e4yt\u00f6ss\u00e4 ja ty\u00f6puolella opettelemme viel\u00e4 kes\u00e4 karja- ett\u00e4 sotajuttuja. Ratsastusjousiammunta ja maastoilu ovat hyv\u00e4ss\u00e4 hallussa. Huli on selke\u00e4sti koko poikaporukan johtaja pihatossa ja pit\u00e4\u00e4 huolta siit\u00e4 ett\u00e4 my\u00f6s pikkupojat oppivat hevosten tavoille.<\/p>\n<p>&nbsp;<\/p>\n<p>&nbsp;<\/p>\n<p>&nbsp;<\/p>\n<p><a href=\"https:\/\/www.launostenkartano.com\/tarina\/wp-content\/uploads\/2024\/04\/IMG-20240404-WA0001.jpg\"><img loading=\"lazy\" decoding=\"async\" class=\"alignright size-medium wp-image-1159\" src=\"https:\/\/www.launostenkartano.com\/tarina\/wp-content\/uploads\/2024\/04\/IMG-20240404-WA0001-300x225.jpg\" alt=\"\" width=\"300\" height=\"225\" srcset=\"https:\/\/www.launostenkartano.com\/tarina\/wp-content\/uploads\/2024\/04\/IMG-20240404-WA0001-300x225.jpg 300w, https:\/\/www.launostenkartano.com\/tarina\/wp-content\/uploads\/2024\/04\/IMG-20240404-WA0001-1024x768.jpg 1024w, https:\/\/www.launostenkartano.com\/tarina\/wp-content\/uploads\/2024\/04\/IMG-20240404-WA0001-768x576.jpg 768w, https:\/\/www.launostenkartano.com\/tarina\/wp-content\/uploads\/2024\/04\/IMG-20240404-WA0001-1536x1152.jpg 1536w, https:\/\/www.launostenkartano.com\/tarina\/wp-content\/uploads\/2024\/04\/IMG-20240404-WA0001.jpg 2048w\" sizes=\"auto, (max-width: 300px) 100vw, 300px\" \/><\/a><\/p>\n<p><strong>&#8221;Vili&#8221;<\/strong><br \/>quarter, ruuna<\/p>\n<p>Vili tekee kurssit\u00f6it\u00e4 karjan kanssa sek\u00e4 ratsastusjousiammunnassa, toimii maastoratsuna ja opettelee kulkemaan is\u00f6\u00e4itins\u00e4 Bayben jalanj\u00e4ljiss\u00e4. Hulin kanssa hyv\u00e4t kaverukset.<\/p>\n<p>&nbsp;<\/p>\n<p>&nbsp;<\/p>\n<p>&nbsp;<\/p>\n<p><strong>&#8221;Leo&#8221;<\/strong><br \/>azteca, ruuna<a href=\"https:\/\/www.launostenkartano.com\/tarina\/wp-content\/uploads\/2024\/04\/leo.jpg\"><img loading=\"lazy\" decoding=\"async\" class=\"alignright size-medium wp-image-1154\" src=\"https:\/\/www.launostenkartano.com\/tarina\/wp-content\/uploads\/2024\/04\/leo-226x300.jpg\" alt=\"\" width=\"226\" height=\"300\" srcset=\"https:\/\/www.launostenkartano.com\/tarina\/wp-content\/uploads\/2024\/04\/leo-226x300.jpg 226w, https:\/\/www.launostenkartano.com\/tarina\/wp-content\/uploads\/2024\/04\/leo-771x1024.jpg 771w, https:\/\/www.launostenkartano.com\/tarina\/wp-content\/uploads\/2024\/04\/leo-768x1020.jpg 768w, https:\/\/www.launostenkartano.com\/tarina\/wp-content\/uploads\/2024\/04\/leo-1157x1536.jpg 1157w, https:\/\/www.launostenkartano.com\/tarina\/wp-content\/uploads\/2024\/04\/leo.jpg 1394w\" sizes=\"auto, (max-width: 226px) 100vw, 226px\" \/><\/a><\/p>\n<p>Leo on nuori superhevonen, joka toimii Katin kisaratsuna karjaty\u00f6skentelyss\u00e4. Paimentaa, sotii ja maastoilee. Rohkea ja leikkis\u00e4 poika joka on kaikkien kaveri ja ensimm\u00e4isen\u00e4 auttamassa pihaton siivouksissa ja tavaroiden hajoittamisessa.<\/p>\n<p>&nbsp;<\/p>\n<p>&nbsp;<\/p>\n<p>&nbsp;<\/p>\n<p><a href=\"https:\/\/www.launostenkartano.com\/tarina\/wp-content\/uploads\/2024\/04\/IMG-20240404-WA0002.jpg\"><img loading=\"lazy\" decoding=\"async\" class=\"alignright size-medium wp-image-1160\" src=\"https:\/\/www.launostenkartano.com\/tarina\/wp-content\/uploads\/2024\/04\/IMG-20240404-WA0002-225x300.jpg\" alt=\"\" width=\"225\" height=\"300\" srcset=\"https:\/\/www.launostenkartano.com\/tarina\/wp-content\/uploads\/2024\/04\/IMG-20240404-WA0002-225x300.jpg 225w, https:\/\/www.launostenkartano.com\/tarina\/wp-content\/uploads\/2024\/04\/IMG-20240404-WA0002-768x1024.jpg 768w, https:\/\/www.launostenkartano.com\/tarina\/wp-content\/uploads\/2024\/04\/IMG-20240404-WA0002-1152x1536.jpg 1152w, https:\/\/www.launostenkartano.com\/tarina\/wp-content\/uploads\/2024\/04\/IMG-20240404-WA0002.jpg 1536w\" sizes=\"auto, (max-width: 225px) 100vw, 225px\" \/><\/a><\/p>\n<p><strong>&#8221;Vitas&#8221;<\/strong><br \/>latvian kylm\u00e4verinen, ruuna<\/p>\n<p>Vitas on el\u00e4kel\u00e4inen joka tekee satuinnaisesti t\u00f6it\u00e4 karjalla, ratsastusjousiammunnassa ja historiallisen ratsastuksen el\u00e4mysp\u00e4ivill\u00e4. Vitas on aavistuksen hapan pihatossa, mutta ratsastustoiminnassa leppoisan varmatoiminen.<\/p>\n<p>&nbsp;<\/p>\n<p>&nbsp;<\/p>\n<p>&nbsp;<\/p>\n<h3>\u00a0<\/h3>\n<h3>\u00a0<\/h3>\n<h3>\u00a0<\/h3>\n\n\n<p><\/p>\n","protected":false},"excerpt":{"rendered":"<p>&#8221;Kamu&#8221;quarter ruuna Virpi ja Katin kisakaveri, karja- ja sotahevonen sek\u00e4 asiakasp\u00e4ivien johtohevonen, jonka parasta osaamista on nopeat l\u00e4hd\u00f6t ja ketter\u00e4t k\u00e4\u00e4nn\u00f6kset ja rohjkea luonne. Hevoslaumamme ferrari. &#8221;Jussi&#8221;quarter, ruuna Ratsastustuntien ja historiallisen ratsastuksen varma konkari, joka toimii my\u00f6s terapiahevosena tarvittaessa. Karjaty\u00f6skentelyss\u00e4 &hellip; <a href=\"https:\/\/www.launostenkartano.com\/?page_id=138\">Lue loppuun <span class=\"meta-nav\">&rarr;<\/span><\/a><\/p>\n","protected":false},"author":1,"featured_media":0,"parent":103,"menu_order":22,"comment_status":"closed","ping_status":"closed","template":"","meta":{"footnotes":""},"class_list":["post-138","page","type-page","status-publish","hentry"],"_links":{"self":[{"href":"https:\/\/www.launostenkartano.com\/index.php?rest_route=\/wp\/v2\/pages\/138","targetHints":{"allow":["GET"]}}],"collection":[{"href":"https:\/\/www.launostenkartano.com\/index.php?rest_route=\/wp\/v2\/pages"}],"about":[{"href":"https:\/\/www.launostenkartano.com\/index.php?rest_route=\/wp\/v2\/types\/page"}],"author":[{"embeddable":true,"href":"https:\/\/www.launostenkartano.com\/index.php?rest_route=\/wp\/v2\/users\/1"}],"replies":[{"embeddable":true,"href":"https:\/\/www.launostenkartano.com\/index.php?rest_route=%2Fwp%2Fv2%2Fcomments&post=138"}],"version-history":[{"count":47,"href":"https:\/\/www.launostenkartano.com\/index.php?rest_route=\/wp\/v2\/pages\/138\/revisions"}],"predecessor-version":[{"id":1208,"href":"https:\/\/www.launostenkartano.com\/index.php?rest_route=\/wp\/v2\/pages\/138\/revisions\/1208"}],"up":[{"embeddable":true,"href":"https:\/\/www.launostenkartano.com\/index.php?rest_route=\/wp\/v2\/pages\/103"}],"wp:attachment":[{"href":"https:\/\/www.launostenkartano.com\/index.php?rest_route=%2Fwp%2Fv2%2Fmedia&parent=138"}],"curies":[{"name":"wp","href":"https:\/\/api.w.org\/{rel}","templated":true}]}}