{"id":21,"date":"2011-05-29T20:50:34","date_gmt":"2011-05-29T17:50:34","guid":{"rendered":"http:\/\/www.launostenkartano.com\/tarina\/?page_id=21"},"modified":"2024-07-15T11:47:36","modified_gmt":"2024-07-15T09:47:36","slug":"yhteystiedot","status":"publish","type":"page","link":"https:\/\/www.launostenkartano.com\/?page_id=21","title":{"rendered":"Yhteystiedot"},"content":{"rendered":"<p><span style=\"font-family: Georgia, Times New Roman, Times, serif;\"><a href=\"https:\/\/www.launostenkartano.com\/tarina\/wp-content\/uploads\/2011\/05\/gal5.jpg\"><img loading=\"lazy\" decoding=\"async\" class=\"alignright size-medium wp-image-86\" title=\"Pehtoorintie 18\" src=\"https:\/\/www.launostenkartano.com\/tarina\/wp-content\/uploads\/2011\/05\/gal5-300x212.jpg\" alt=\"\" width=\"300\" height=\"212\" srcset=\"https:\/\/www.launostenkartano.com\/tarina\/wp-content\/uploads\/2011\/05\/gal5-300x212.jpg 300w, https:\/\/www.launostenkartano.com\/tarina\/wp-content\/uploads\/2011\/05\/gal5.jpg 500w\" sizes=\"auto, (max-width: 300px) 100vw, 300px\" \/><\/a>Launosten Kartano Oy<br \/>\n<\/span><\/p>\n<p>Toimitusjohtaja, el\u00e4imet, el\u00e4mykset ja maatalous<br \/>\n<span style=\"font-family: Georgia, Times New Roman, Times, serif;\"> Virpi Jouttela<br \/>\nGSM 040 5584247<br \/>\nvjouttela{at}gmail.com<\/span><\/p>\n<p>Ratsastustunnit sek\u00e4 hevosten koulutus ja ratsutukset<br \/>\nKati\u00a0 Jouttela<br \/>\nGSM 040 4126670<br \/>\nkatijout{at}gmail.com<\/p>\n<p>&nbsp;<\/p>\n<p><span style=\"font-family: Georgia, Times New Roman, Times, serif;\"><br \/>\n<\/span><span style=\"font-family: Georgia, Times New Roman, Times, serif;\"><br \/>\n<\/span>Projektip\u00e4\u00e4llikk\u00f6, koneet ja piharakentaminen<br \/>\nJanne Jouttela<br \/>\nGSM 0400 686528<br \/>\njanne{at}jouttela.com<\/p>\n<p>Mets\u00e4talous<br \/>\nJuho Aarnio<br \/>\nGSM 040 5010448<\/p>\n<p><span style=\"font-family: Georgia, Times New Roman, Times, serif;\"><strong>Postitusosoite:<\/strong><br \/>\nPehtoorintie 18<br \/>\n12540 Launonen<\/span><\/p>\n<p><strong>Toimitus- ja k\u00e4yntiosoite:<\/strong><br \/>\nV\u00e4hikk\u00e4l\u00e4ntie 99<br \/>\n12540 Launonen<\/p>\n<p><span style=\"color: #993300;\"><strong>GPS:n kanssa k\u00e4yt\u00e4 osoitetta<\/strong>:<\/span><br \/>\nV\u00e4hikk\u00e4l\u00e4ntie 99, Launonen (Loppi)<\/p>\n<h3>Ajo-ohjeet<\/h3>\n<p>Tila sijaitsee keskell\u00e4 idyllist\u00e4 Lopen kartanomaisemaa vain 10 kilometri\u00e4 l\u00e4nteen 3-tien &#8221;Riihim\u00e4ki Pohjoinen&#8221; -liittym\u00e4st\u00e4 (liittym\u00e4 numero 20).<\/p>\n<p><img loading=\"lazy\" decoding=\"async\" src=\"https:\/\/www.launostenkartano.com\/pic\/kartta1.png\" alt=\"\" width=\"358\" height=\"217\" \/><\/p>\n<p>Kantatie numero 54 tuo l\u00e4hes perille asti. Autolla tultaessa (varsinkin raskaammalla kalustolla tai per\u00e4k\u00e4rryn kanssa) kannattaa kuitenkin k\u00e4ytt\u00e4\u00e4 V\u00e4hikk\u00e4l\u00e4ntie 99 -osoitetta, koska Pehtoorintie\u00a0on yksityistie, eik\u00e4 aina parhaassa mahdollisessa ajokunnossa.<\/p>\n<p><a href=\"https:\/\/www.launostenkartano.com\/tarina\/wp-content\/uploads\/2011\/05\/kartta2.png\"><img loading=\"lazy\" decoding=\"async\" class=\"alignleft size-full wp-image-88\" title=\"kartta\" src=\"https:\/\/www.launostenkartano.com\/tarina\/wp-content\/uploads\/2011\/05\/kartta2.png\" alt=\"\" width=\"493\" height=\"400\" srcset=\"https:\/\/www.launostenkartano.com\/tarina\/wp-content\/uploads\/2011\/05\/kartta2.png 493w, https:\/\/www.launostenkartano.com\/tarina\/wp-content\/uploads\/2011\/05\/kartta2-300x243.png 300w\" sizes=\"auto, (max-width: 493px) 100vw, 493px\" \/><\/a><\/p>\n","protected":false},"excerpt":{"rendered":"<p>Launosten Kartano Oy Toimitusjohtaja, el\u00e4imet, el\u00e4mykset ja maatalous Virpi Jouttela GSM 040 5584247 vjouttela{at}gmail.com Ratsastustunnit sek\u00e4 hevosten koulutus ja ratsutukset Kati\u00a0 Jouttela GSM 040 4126670 katijout{at}gmail.com &nbsp; Projektip\u00e4\u00e4llikk\u00f6, koneet ja piharakentaminen Janne Jouttela GSM 0400 686528 janne{at}jouttela.com Mets\u00e4talous Juho Aarnio &hellip; <a href=\"https:\/\/www.launostenkartano.com\/?page_id=21\">Lue loppuun <span class=\"meta-nav\">&rarr;<\/span><\/a><\/p>\n","protected":false},"author":1,"featured_media":0,"parent":0,"menu_order":60,"comment_status":"closed","ping_status":"closed","template":"","meta":{"footnotes":""},"class_list":["post-21","page","type-page","status-publish","hentry"],"_links":{"self":[{"href":"https:\/\/www.launostenkartano.com\/index.php?rest_route=\/wp\/v2\/pages\/21","targetHints":{"allow":["GET"]}}],"collection":[{"href":"https:\/\/www.launostenkartano.com\/index.php?rest_route=\/wp\/v2\/pages"}],"about":[{"href":"https:\/\/www.launostenkartano.com\/index.php?rest_route=\/wp\/v2\/types\/page"}],"author":[{"embeddable":true,"href":"https:\/\/www.launostenkartano.com\/index.php?rest_route=\/wp\/v2\/users\/1"}],"replies":[{"embeddable":true,"href":"https:\/\/www.launostenkartano.com\/index.php?rest_route=%2Fwp%2Fv2%2Fcomments&post=21"}],"version-history":[{"count":25,"href":"https:\/\/www.launostenkartano.com\/index.php?rest_route=\/wp\/v2\/pages\/21\/revisions"}],"predecessor-version":[{"id":1188,"href":"https:\/\/www.launostenkartano.com\/index.php?rest_route=\/wp\/v2\/pages\/21\/revisions\/1188"}],"wp:attachment":[{"href":"https:\/\/www.launostenkartano.com\/index.php?rest_route=%2Fwp%2Fv2%2Fmedia&parent=21"}],"curies":[{"name":"wp","href":"https:\/\/api.w.org\/{rel}","templated":true}]}}