{"id":350,"date":"2012-03-29T09:28:02","date_gmt":"2012-03-29T06:28:02","guid":{"rendered":"http:\/\/www.launostenkartano.com\/?page_id=350"},"modified":"2024-07-15T12:28:30","modified_gmt":"2024-07-15T10:28:30","slug":"elamyspaketit-2","status":"publish","type":"page","link":"https:\/\/www.launostenkartano.com\/?page_id=350","title":{"rendered":"El\u00e4myspaketit"},"content":{"rendered":"<p style=\"text-align: left;\"><span style=\"color: #993300;\"><em><strong>Mik\u00e4\u00e4n el\u00e4mysp\u00e4ivist\u00e4 ei edellyt\u00e4 aikaisempaa ratsastuskokemusta.<\/strong><\/em><\/span><\/p>\n<p style=\"text-align: left;\"><strong>P\u00e4iv\u00e4 elokuvat\u00e4hten\u00e4<br \/>\n<\/strong><a href=\"https:\/\/www.launostenkartano.com\/tarina\/wp-content\/uploads\/2024\/04\/IMG_5035-scaled.jpg\"><img loading=\"lazy\" decoding=\"async\" class=\"alignright size-medium wp-image-1176\" src=\"https:\/\/www.launostenkartano.com\/tarina\/wp-content\/uploads\/2024\/04\/IMG_5035-300x200.jpg\" alt=\"\" width=\"300\" height=\"200\" srcset=\"https:\/\/www.launostenkartano.com\/tarina\/wp-content\/uploads\/2024\/04\/IMG_5035-300x200.jpg 300w, https:\/\/www.launostenkartano.com\/tarina\/wp-content\/uploads\/2024\/04\/IMG_5035-1024x684.jpg 1024w, https:\/\/www.launostenkartano.com\/tarina\/wp-content\/uploads\/2024\/04\/IMG_5035-768x513.jpg 768w, https:\/\/www.launostenkartano.com\/tarina\/wp-content\/uploads\/2024\/04\/IMG_5035-1536x1025.jpg 1536w, https:\/\/www.launostenkartano.com\/tarina\/wp-content\/uploads\/2024\/04\/IMG_5035-2048x1367.jpg 2048w\" sizes=\"auto, (max-width: 300px) 100vw, 300px\" \/><\/a>Yellowstone-sarjan hengess\u00e4 j\u00e4rjestetty 3 tunnin kokonaisuus josta osallistujat saavat itsellens\u00e4 videon. Jokaisella on mahdollisuus halutessaan my\u00f6s ratsastaa karjapaimenten kanssa. Soveltuu hyvin kaiken ik\u00e4isille ja oloisille telkkarin ja netin katsojille. Ryhm\u00e4n koko on kahdesta kymmeneen henke\u00e4. Aikaa kuluu noin 3h ja paketin hinta on 160\u20ac\/hl\u00f6.<\/p>\n<p><strong>Cowboy-p\u00e4iv\u00e4<br \/>\n<\/strong><a href=\"https:\/\/www.launostenkartano.com\/tarina\/wp-content\/uploads\/2012\/03\/IMG_7398.jpg\"><img loading=\"lazy\" decoding=\"async\" class=\"alignright wp-image-530 size-medium\" title=\"IMG_7398\" src=\"https:\/\/www.launostenkartano.com\/tarina\/wp-content\/uploads\/2012\/03\/IMG_7398-300x200.jpg\" width=\"300\" height=\"200\" srcset=\"https:\/\/www.launostenkartano.com\/tarina\/wp-content\/uploads\/2012\/03\/IMG_7398-300x200.jpg 300w, https:\/\/www.launostenkartano.com\/tarina\/wp-content\/uploads\/2012\/03\/IMG_7398-1024x683.jpg 1024w\" sizes=\"auto, (max-width: 300px) 100vw, 300px\" \/><\/a>Karjan k\u00e4sittely- ja paimennusp\u00e4iv\u00e4n\u00e4 aloitamme tutustumalla karjaty\u00f6skentelyyn teoriassa jonka j\u00e4lkeen tutustumme k\u00e4ytett\u00e4viin varusteisiin ja varustamme hevoset. K\u00e4ymme l\u00e4pi l\u00e4nnenratsastamisen erovaisuudet perinteiseen ratsastamiseen n\u00e4hden,\u00a0 jonka j\u00e4lkeen ryhm\u00e4 p\u00e4\u00e4see kokeilemaan nautalauman paimentamista. Ryhm\u00e4n koko on kahdesta kymmeneen henke\u00e4. Aikaa kuluu noin 3h ja paketin hinta on 90\u20ac\/hl\u00f6.<\/p>\n<p style=\"text-align: left;\"><strong>Ritarip\u00e4iv\u00e4<br \/>\n<\/strong><a href=\"https:\/\/www.launostenkartano.com\/tarina\/wp-content\/uploads\/2012\/03\/20180317_131338.jpg\"><img loading=\"lazy\" decoding=\"async\" class=\"alignright size-medium wp-image-802\" src=\"https:\/\/www.launostenkartano.com\/tarina\/wp-content\/uploads\/2012\/03\/20180317_131338-300x225.jpg\" alt=\"\" width=\"300\" height=\"225\" srcset=\"https:\/\/www.launostenkartano.com\/tarina\/wp-content\/uploads\/2012\/03\/20180317_131338-300x225.jpg 300w, https:\/\/www.launostenkartano.com\/tarina\/wp-content\/uploads\/2012\/03\/20180317_131338-768x576.jpg 768w, https:\/\/www.launostenkartano.com\/tarina\/wp-content\/uploads\/2012\/03\/20180317_131338-1024x768.jpg 1024w\" sizes=\"auto, (max-width: 300px) 100vw, 300px\" \/><\/a>Keskiaikaisen ratsuv\u00e4kip\u00e4iv\u00e4n aloitamme tutustumalla aiheeseen maastak\u00e4sin\u00a0 tutustuen varusteisiin ja saamme pikakatsauksen t\u00e4rkeimpiin aseisiin (miekka, keih\u00e4s ja peitsi). K\u00e4ymme l\u00e4pi muutamia perustekniikoita,\u00a0 jonka j\u00e4lkeen ryhm\u00e4 p\u00e4\u00e4see kokeilemaan l\u00e4hitaistelua maasta k\u00e4sin, tynnyrinhevosen sel\u00e4st\u00e4\u00a0 sek\u00e4 oikean sotaratsun kanssa taistelukentt\u00e4\u00e4 simuloivan teht\u00e4v\u00e4radan keskell\u00e4. Ryhm\u00e4n koko on kahdesta kymmeneen henke\u00e4. Aikaa kuluu noin kolme tuntia ja paketin hinta on 90\u20ac\/hl\u00f6.<\/p>\n<p style=\"text-align: left;\"><strong>Retkip\u00e4iv\u00e4 hevosen kanssa<br \/>\n<\/strong>Puolentoista tunnin maastoratsastaminen voidaan toteuttaa niin, ett\u00e4 kokeneemmat ja kokemattomammat ovat omissa ryhmiss\u00e4\u00e4n. Kokemattomammat saavat matkalle mukaan taluttajan ja reissu tehd\u00e4\u00e4n ainoastaan k\u00e4ynniss\u00e4. Kokeneempien kanssa ravailemme v\u00e4lill\u00e4, mutta laukkap\u00e4tk\u00e4t ovat valinnanvaraisia ja keleist\u00e4 riipuen laukkaaminen maastolenkill\u00e4 voidaan joutua kielt\u00e4m\u00e4\u00e4n kokonaan turvallisuussyist\u00e4.\u00a0 Reittimme kulkee peltoteill\u00e4, pelloilla, mets\u00e4ss\u00e4, hiekkateill\u00e4 ja asfalttiteill\u00e4. Ryhm\u00e4koko on enint\u00e4\u00e4n nelj\u00e4 henke\u00e4 ja kokonaisuudessaan aikaa kuluu noin kolme tuntia. Paketin hinta on 80\u20ac\/hl\u00f6.<\/p>\n<p style=\"text-align: left;\"><strong>Polttari- tai syntt\u00e4ripl\u00e4j\u00e4ys<br \/>\n<\/strong>Kahden tunnin rupeama, jonka aikana sankari itse p\u00e4\u00e4see hevosen selk\u00e4\u00e4n, oli aikaisempaa kokemusta tai ei. Seurueen muut j\u00e4senent voivat osallistua joko ratsain tai maastak\u00e4sin seuraten (ja kuvaten). P\u00e4iv\u00e4\u00e4 voi juhlistaa my\u00f6s l\u00e4nnen- tai keskiaikateemalla, jolloin p\u00e4iv\u00e4nsankari vaatetetaan ja kuvataan asianmukaisen rekvisiitan kanssa. Lis\u00e4ksi seurueelle voi tilata kahvituksen tai esim nuotiomakkarat ja nokikahvia. Paketin hinta on 90\u20ac\/ratsastaja ja 5\u20ac\/kahvitettava.<\/p>\n<p><strong>Kaikkien el\u00e4mysp\u00e4ivien aikana<\/strong><\/p>\n<p>Pukeutumisessa on otettava huomioon, ettei vaatteissa ole irtonaisia tai roikkuvia osia, jotka voivat tarttua kiinni varusteisiin tai esim. oksiin. Kaikilla tulisi olla k\u00e4sineet, sek\u00e4 keng\u00e4t, joissa on pieni korko, jotta jalka ei luista jalustimen l\u00e4pi. Vaatteiden ulkopuolelle j\u00e4\u00e4v\u00e4t korut ja huivit on syyt\u00e4 j\u00e4tt\u00e4\u00e4 pois kokonaan. Varustautukaa my\u00f6s l\u00e4mpimill\u00e4 lis\u00e4vaatteilla, sill\u00e4 v\u00e4lill\u00e4 laitumillamme ja kentill\u00e4mme puhaltaa kylm\u00e4 tuuli.<\/p>\n<p>Pyyd\u00e4mme huomioimaan, ett\u00e4 osallistujia ei ole vakuutettu yrityksemme toimesta. Alle 18-vuotiailta edellytet\u00e4\u00e4 huoltajan suostumus.\u00a0 Ryhm\u00e4n mukana kulkee ea-koulutettu henkil\u00f6, jolla on vahingon varalta ea-pakkaus mukana. Toimintamme on suunniteltu kuitenkin niin, ett\u00e4 vahinkoriski on mahdollisimman pieni.<\/p>\n","protected":false},"excerpt":{"rendered":"<p>Mik\u00e4\u00e4n el\u00e4mysp\u00e4ivist\u00e4 ei edellyt\u00e4 aikaisempaa ratsastuskokemusta. P\u00e4iv\u00e4 elokuvat\u00e4hten\u00e4 Yellowstone-sarjan hengess\u00e4 j\u00e4rjestetty 3 tunnin kokonaisuus josta osallistujat saavat itsellens\u00e4 videon. Jokaisella on mahdollisuus halutessaan my\u00f6s ratsastaa karjapaimenten kanssa. Soveltuu hyvin kaiken ik\u00e4isille ja oloisille telkkarin ja netin katsojille. Ryhm\u00e4n koko on &hellip; <a href=\"https:\/\/www.launostenkartano.com\/?page_id=350\">Lue loppuun <span class=\"meta-nav\">&rarr;<\/span><\/a><\/p>\n","protected":false},"author":1,"featured_media":0,"parent":0,"menu_order":4,"comment_status":"closed","ping_status":"closed","template":"","meta":{"footnotes":""},"class_list":["post-350","page","type-page","status-publish","hentry"],"_links":{"self":[{"href":"https:\/\/www.launostenkartano.com\/index.php?rest_route=\/wp\/v2\/pages\/350","targetHints":{"allow":["GET"]}}],"collection":[{"href":"https:\/\/www.launostenkartano.com\/index.php?rest_route=\/wp\/v2\/pages"}],"about":[{"href":"https:\/\/www.launostenkartano.com\/index.php?rest_route=\/wp\/v2\/types\/page"}],"author":[{"embeddable":true,"href":"https:\/\/www.launostenkartano.com\/index.php?rest_route=\/wp\/v2\/users\/1"}],"replies":[{"embeddable":true,"href":"https:\/\/www.launostenkartano.com\/index.php?rest_route=%2Fwp%2Fv2%2Fcomments&post=350"}],"version-history":[{"count":26,"href":"https:\/\/www.launostenkartano.com\/index.php?rest_route=\/wp\/v2\/pages\/350\/revisions"}],"predecessor-version":[{"id":1191,"href":"https:\/\/www.launostenkartano.com\/index.php?rest_route=\/wp\/v2\/pages\/350\/revisions\/1191"}],"wp:attachment":[{"href":"https:\/\/www.launostenkartano.com\/index.php?rest_route=%2Fwp%2Fv2%2Fmedia&parent=350"}],"curies":[{"name":"wp","href":"https:\/\/api.w.org\/{rel}","templated":true}]}}