{"id":489,"date":"2013-07-21T00:13:24","date_gmt":"2013-07-20T21:13:24","guid":{"rendered":"http:\/\/www.launostenkartano.com\/?page_id=489"},"modified":"2025-04-02T11:21:44","modified_gmt":"2025-04-02T09:21:44","slug":"toiminta","status":"publish","type":"page","link":"https:\/\/www.launostenkartano.com\/?page_id=489","title":{"rendered":"Tapahtumat ja kurssit"},"content":{"rendered":"<p><img loading=\"lazy\" decoding=\"async\" class=\"alignright size-medium wp-image-653\" src=\"https:\/\/www.launostenkartano.com\/tarina\/wp-content\/uploads\/2013\/07\/IMG_7908-300x187.jpg\" alt=\"IMG_7908\" width=\"300\" height=\"187\" srcset=\"https:\/\/www.launostenkartano.com\/tarina\/wp-content\/uploads\/2013\/07\/IMG_7908-300x187.jpg 300w, https:\/\/www.launostenkartano.com\/tarina\/wp-content\/uploads\/2013\/07\/IMG_7908.jpg 658w\" sizes=\"auto, (max-width: 300px) 100vw, 300px\" \/>Alla olevalta listalta n\u00e4et kaikille avoimia koulutusp\u00e4ivi\u00e4\u00a0 ja voit valita itsellesi sopivan kurssin tai valmennuksen. Voit my\u00f6s varata aikaa yksityiskoulutukseen tai ryhm\u00e4lle.<\/p>\n<p>Vapaita kurssipaikkoja ja harjotteluaikoja kannattaa tiedustella puhelimitse. Mik\u00e4li listalla ei n\u00e4y sopivaa kurssip\u00e4iv\u00e4\u00e4, niin r\u00e4\u00e4t\u00e4l\u00f6imme tarvittaessa lis\u00e4p\u00e4ivi\u00e4.<\/p>\n<p>&nbsp;<\/p>\n<p>30.5.-1.6.\u00a0\u00a0\u00a0 Kisatalkoo viikonloppu, my\u00f6s kisatreenaus mahdollisuus<\/p>\n<p>&nbsp;<\/p>\n<p>6.-8.6\u00a0\u00a0\u00a0\u00a0\u00a0\u00a0\u00a0\u00a0\u00a0 Cowboy Games 2025, karjalajien harjoituskilpailut<\/p>\n<p>&nbsp;<\/p>\n<p>12.-14.9.\u00a0\u00a0\u00a0\u00a0 Cowbpy Competition 2025, karjalajien SM-kilpailut<\/p>\n","protected":false},"excerpt":{"rendered":"<p>Alla olevalta listalta n\u00e4et kaikille avoimia koulutusp\u00e4ivi\u00e4\u00a0 ja voit valita itsellesi sopivan kurssin tai valmennuksen. Voit my\u00f6s varata aikaa yksityiskoulutukseen tai ryhm\u00e4lle. Vapaita kurssipaikkoja ja harjotteluaikoja kannattaa tiedustella puhelimitse. Mik\u00e4li listalla ei n\u00e4y sopivaa kurssip\u00e4iv\u00e4\u00e4, niin r\u00e4\u00e4t\u00e4l\u00f6imme tarvittaessa lis\u00e4p\u00e4ivi\u00e4. &nbsp; &hellip; <a href=\"https:\/\/www.launostenkartano.com\/?page_id=489\">Lue loppuun <span class=\"meta-nav\">&rarr;<\/span><\/a><\/p>\n","protected":false},"author":1,"featured_media":0,"parent":103,"menu_order":21,"comment_status":"closed","ping_status":"closed","template":"","meta":{"footnotes":""},"class_list":["post-489","page","type-page","status-publish","hentry"],"_links":{"self":[{"href":"https:\/\/www.launostenkartano.com\/index.php?rest_route=\/wp\/v2\/pages\/489","targetHints":{"allow":["GET"]}}],"collection":[{"href":"https:\/\/www.launostenkartano.com\/index.php?rest_route=\/wp\/v2\/pages"}],"about":[{"href":"https:\/\/www.launostenkartano.com\/index.php?rest_route=\/wp\/v2\/types\/page"}],"author":[{"embeddable":true,"href":"https:\/\/www.launostenkartano.com\/index.php?rest_route=\/wp\/v2\/users\/1"}],"replies":[{"embeddable":true,"href":"https:\/\/www.launostenkartano.com\/index.php?rest_route=%2Fwp%2Fv2%2Fcomments&post=489"}],"version-history":[{"count":80,"href":"https:\/\/www.launostenkartano.com\/index.php?rest_route=\/wp\/v2\/pages\/489\/revisions"}],"predecessor-version":[{"id":1202,"href":"https:\/\/www.launostenkartano.com\/index.php?rest_route=\/wp\/v2\/pages\/489\/revisions\/1202"}],"up":[{"embeddable":true,"href":"https:\/\/www.launostenkartano.com\/index.php?rest_route=\/wp\/v2\/pages\/103"}],"wp:attachment":[{"href":"https:\/\/www.launostenkartano.com\/index.php?rest_route=%2Fwp%2Fv2%2Fmedia&parent=489"}],"curies":[{"name":"wp","href":"https:\/\/api.w.org\/{rel}","templated":true}]}}