{"id":6,"date":"2011-05-29T19:20:00","date_gmt":"2011-05-29T16:20:00","guid":{"rendered":"http:\/\/www.launostenkartano.com\/tarina\/?page_id=6"},"modified":"2025-05-23T12:32:46","modified_gmt":"2025-05-23T10:32:46","slug":"launosten-kartano-oy","status":"publish","type":"page","link":"https:\/\/www.launostenkartano.com\/","title":{"rendered":"Etusivu"},"content":{"rendered":"<p><a href=\"https:\/\/www.launostenkartano.com\/tarina\/wp-content\/uploads\/2011\/05\/IMG_5619.jpg\"><img loading=\"lazy\" decoding=\"async\" class=\"alignright size-medium wp-image-826\" src=\"https:\/\/www.launostenkartano.com\/tarina\/wp-content\/uploads\/2011\/05\/IMG_5619-300x200.jpg\" alt=\"\" width=\"300\" height=\"200\" srcset=\"https:\/\/www.launostenkartano.com\/tarina\/wp-content\/uploads\/2011\/05\/IMG_5619-300x200.jpg 300w, https:\/\/www.launostenkartano.com\/tarina\/wp-content\/uploads\/2011\/05\/IMG_5619-768x513.jpg 768w, https:\/\/www.launostenkartano.com\/tarina\/wp-content\/uploads\/2011\/05\/IMG_5619-1024x684.jpg 1024w\" sizes=\"auto, (max-width: 300px) 100vw, 300px\" \/><\/a>Tervetuloa Launosten Kartanolle!<\/p>\n<p>Tilamme sijaitsee Lopella, Launosten kyl\u00e4ss\u00e4, noin 10 km l\u00e4nteen Riihim\u00e4elt\u00e4. Tarjoamme hevos- ja karjapainotteisia el\u00e4myksi\u00e4, koulutusta sek\u00e4 kurssi- ja leiritoimintaa.<\/p>\n<p>Toiminta keskittyy l\u00e4nnenratsastukseen sek\u00e4 historialliseen ratsastukseen.<\/p>\n<p><span style=\"color: #800000;\">If you want information or reservations in english, please contact Virpi Jouttela +358 40 5584247\u00a0 (please send a message if there is no answer to the call) or email vjouttela(a)gmail.com<\/span><\/p>\n<p><a href=\"https:\/\/www.launostenkartano.com\/tarina\/wp-content\/uploads\/2020\/01\/74701652_2530667490380612_5788465980464168960_n.jpg\"><img loading=\"lazy\" decoding=\"async\" class=\"alignright size-medium wp-image-1051\" src=\"https:\/\/www.launostenkartano.com\/tarina\/wp-content\/uploads\/2020\/01\/74701652_2530667490380612_5788465980464168960_n-300x200.jpg\" alt=\"\" width=\"300\" height=\"200\" srcset=\"https:\/\/www.launostenkartano.com\/tarina\/wp-content\/uploads\/2020\/01\/74701652_2530667490380612_5788465980464168960_n-300x200.jpg 300w, https:\/\/www.launostenkartano.com\/tarina\/wp-content\/uploads\/2020\/01\/74701652_2530667490380612_5788465980464168960_n-768x512.jpg 768w, https:\/\/www.launostenkartano.com\/tarina\/wp-content\/uploads\/2020\/01\/74701652_2530667490380612_5788465980464168960_n-1024x683.jpg 1024w, https:\/\/www.launostenkartano.com\/tarina\/wp-content\/uploads\/2020\/01\/74701652_2530667490380612_5788465980464168960_n.jpg 1146w\" sizes=\"auto, (max-width: 300px) 100vw, 300px\" \/><\/a><\/p>\n<p><strong>T\u00e4n\u00e4 kes\u00e4n\u00e4 kahdet kisat !<br \/><\/strong><\/p>\n<p>6.-8.6. Cowboy Games 2025, karjalajien harjoituskilpailut<\/p>\n<p>12.-14.9. Cowboy Competition 2025, karjalajien SM kilpailut<\/p>\n<p>T\u00e4m\u00e4n lis\u00e4ksi saatavilla tarpeen mukaan r\u00e4\u00e4t\u00e4l\u00f6ityj\u00e4 kokouspalveluita.<\/p>\n<p><strong><em><br \/><\/em><\/strong><span style=\"color: #993300;\"><strong><em>Paimennuskursseja sek\u00e4 ritarikoulutuksia j\u00e4rjestet\u00e4\u00e4n sopimuksen mukaan asikasl\u00e4ht\u00f6isesti lyhyell\u00e4kin varoitusajalla. Kysy ratsastustunteja tai el\u00e4mysp\u00e4ivi\u00e4 suoraan Virpilt\u00e4 tai Katilta. Isommat tilaisuudet l\u00f6yd\u00e4t <a href=\"https:\/\/www.launostenkartano.com\/?page_id=489\">tapahtumat<\/a>-sivultamme.<br \/><\/em><\/strong><\/span><em>Koulutuksiin ja harjoituksiin voi osallistua omalla hevosella tai tarvittaessa vuokrata hevosen tilaltamme. Osallistujilta ei p\u00e4\u00e4s\u00e4\u00e4nt\u00f6isesti vaadita aikaisempaa hevoskokemusta, kurssit ja koulutukset jotka on suunnattu kokeneemmille ratsastajille mainitaan erikseen.<br \/><\/em><\/p>\n<p><span style=\"color: #800000;\">Kysy lis\u00e4tietoja ja ilmoittaudu mukaan:\u00a0 040 5584247 (Virpi) <br \/><\/span><\/p>\n<p>\u00a0\u00a0\u00a0\u00a0\u00a0\u00a0\u00a0\u00a0\u00a0\u00a0\u00a0\u00a0\u00a0\u00a0\u00a0\u00a0\u00a0\u00a0\u00a0\u00a0\u00a0\u00a0\u00a0\u00a0\u00a0\u00a0\u00a0\u00a0\u00a0\u00a0\u00a0\u00a0\u00a0\u00a0\u00a0\u00a0\u00a0\u00a0\u00a0\u00a0\u00a0\u00a0\u00a0\u00a0\u00a0\u00a0\u00a0\u00a0\u00a0\u00a0\u00a0\u00a0\u00a0\u00a0\u00a0\u00a0\u00a0\u00a0\u00a0\u00a0\u00a0\u00a0\u00a0\u00a0\u00a0\u00a0\u00a0\u00a0\u00a0\u00a0\u00a0\u00a0<span style=\"color: #800000;\"> 040 4126670 (Kati)<\/span><\/p>\n\n\n<p><\/p>\n","protected":false},"excerpt":{"rendered":"<p>Tervetuloa Launosten Kartanolle! Tilamme sijaitsee Lopella, Launosten kyl\u00e4ss\u00e4, noin 10 km l\u00e4nteen Riihim\u00e4elt\u00e4. Tarjoamme hevos- ja karjapainotteisia el\u00e4myksi\u00e4, koulutusta sek\u00e4 kurssi- ja leiritoimintaa. Toiminta keskittyy l\u00e4nnenratsastukseen sek\u00e4 historialliseen ratsastukseen. If you want information or reservations in english, please contact Virpi &hellip; <a href=\"https:\/\/www.launostenkartano.com\/\">Lue loppuun <span class=\"meta-nav\">&rarr;<\/span><\/a><\/p>\n","protected":false},"author":1,"featured_media":0,"parent":0,"menu_order":0,"comment_status":"closed","ping_status":"closed","template":"","meta":{"footnotes":""},"class_list":["post-6","page","type-page","status-publish","hentry"],"_links":{"self":[{"href":"https:\/\/www.launostenkartano.com\/index.php?rest_route=\/wp\/v2\/pages\/6","targetHints":{"allow":["GET"]}}],"collection":[{"href":"https:\/\/www.launostenkartano.com\/index.php?rest_route=\/wp\/v2\/pages"}],"about":[{"href":"https:\/\/www.launostenkartano.com\/index.php?rest_route=\/wp\/v2\/types\/page"}],"author":[{"embeddable":true,"href":"https:\/\/www.launostenkartano.com\/index.php?rest_route=\/wp\/v2\/users\/1"}],"replies":[{"embeddable":true,"href":"https:\/\/www.launostenkartano.com\/index.php?rest_route=%2Fwp%2Fv2%2Fcomments&post=6"}],"version-history":[{"count":81,"href":"https:\/\/www.launostenkartano.com\/index.php?rest_route=\/wp\/v2\/pages\/6\/revisions"}],"predecessor-version":[{"id":1204,"href":"https:\/\/www.launostenkartano.com\/index.php?rest_route=\/wp\/v2\/pages\/6\/revisions\/1204"}],"wp:attachment":[{"href":"https:\/\/www.launostenkartano.com\/index.php?rest_route=%2Fwp%2Fv2%2Fmedia&parent=6"}],"curies":[{"name":"wp","href":"https:\/\/api.w.org\/{rel}","templated":true}]}}