{"id":76,"date":"2011-05-29T22:35:08","date_gmt":"2011-05-29T19:35:08","guid":{"rendered":"http:\/\/www.launostenkartano.com\/tarina\/?page_id=76"},"modified":"2024-04-03T13:43:36","modified_gmt":"2024-04-03T11:43:36","slug":"highlander","status":"publish","type":"page","link":"https:\/\/www.launostenkartano.com\/?page_id=76","title":{"rendered":"El\u00e4imemme"},"content":{"rendered":"<p><a href=\"https:\/\/www.launostenkartano.com\/tarina\/wp-content\/uploads\/2011\/05\/Glooria.jpg\"><img loading=\"lazy\" decoding=\"async\" class=\"size-medium wp-image-741 alignleft\" src=\"https:\/\/www.launostenkartano.com\/tarina\/wp-content\/uploads\/2011\/05\/Glooria-300x200.jpg\" alt=\"\" width=\"300\" height=\"200\" srcset=\"https:\/\/www.launostenkartano.com\/tarina\/wp-content\/uploads\/2011\/05\/Glooria-300x200.jpg 300w, https:\/\/www.launostenkartano.com\/tarina\/wp-content\/uploads\/2011\/05\/Glooria-768x512.jpg 768w, https:\/\/www.launostenkartano.com\/tarina\/wp-content\/uploads\/2011\/05\/Glooria.jpg 960w\" sizes=\"auto, (max-width: 300px) 100vw, 300px\" \/><\/a>Tilallamme kasvatetaan lihantuotantoon risteytyskarjaa.\u00a0 Pieni laumamme elelee laitumella ymp\u00e4ri vuoden nauttien vapaudesta ja lauman sosiaalisesta el\u00e4m\u00e4st\u00e4. Tarjolla on vapaassa ruokinassa tilallamme tuotettua korsirehua. Kev\u00e4\u00e4ll\u00e4 syntyv\u00e4t vasikat saavat nauttia emojen hell\u00e4st\u00e4 hoidosta 7-8kk, jonka j\u00e4lkeen ne siirret\u00e4\u00e4n toiseen laumaan, jossa el\u00e4\u00e4 samanik\u00e4isi\u00e4 leikkikavereita.<\/p>\n<p><a href=\"https:\/\/www.launostenkartano.com\/tarina\/wp-content\/uploads\/2011\/05\/IMG_0064.jpg\"><img loading=\"lazy\" decoding=\"async\" class=\"alignright size-medium wp-image-869\" src=\"https:\/\/www.launostenkartano.com\/tarina\/wp-content\/uploads\/2011\/05\/IMG_0064-300x200.jpg\" alt=\"\" width=\"300\" height=\"200\" srcset=\"https:\/\/www.launostenkartano.com\/tarina\/wp-content\/uploads\/2011\/05\/IMG_0064-300x200.jpg 300w, https:\/\/www.launostenkartano.com\/tarina\/wp-content\/uploads\/2011\/05\/IMG_0064-768x513.jpg 768w, https:\/\/www.launostenkartano.com\/tarina\/wp-content\/uploads\/2011\/05\/IMG_0064-1024x684.jpg 1024w\" sizes=\"auto, (max-width: 300px) 100vw, 300px\" \/><\/a>Paimennuskoulutuksessa ja el\u00e4mysp\u00e4iviss\u00e4 hy\u00f6dynnet\u00e4\u00e4n nuorkarjaa emolehmien keskittyess\u00e4 j\u00e4lkikasvun hoitoon. Karjastamme l\u00f6ytyy blondi- , charoline- ja aberdee risteytyksi\u00e4 sek\u00e4 herefordeja. Lauman vanhimpana toimii l\u00e4nsisuomalainen kotitarvelemmukka Hilma. Naudat el\u00e4v\u00e4t laidunpihatoissa ja saavat siis talvellakin oleilla ulkona.<\/p>\n<p><a href=\"https:\/\/www.launostenkartano.com\/tarina\/wp-content\/uploads\/2011\/05\/1921023_563222147107245_778080549_o.jpg\"><img loading=\"lazy\" decoding=\"async\" class=\"size-medium wp-image-870 alignleft\" src=\"https:\/\/www.launostenkartano.com\/tarina\/wp-content\/uploads\/2011\/05\/1921023_563222147107245_778080549_o-300x225.jpg\" alt=\"\" width=\"300\" height=\"225\" srcset=\"https:\/\/www.launostenkartano.com\/tarina\/wp-content\/uploads\/2011\/05\/1921023_563222147107245_778080549_o-300x225.jpg 300w, https:\/\/www.launostenkartano.com\/tarina\/wp-content\/uploads\/2011\/05\/1921023_563222147107245_778080549_o-768x576.jpg 768w, https:\/\/www.launostenkartano.com\/tarina\/wp-content\/uploads\/2011\/05\/1921023_563222147107245_778080549_o-1024x768.jpg 1024w, https:\/\/www.launostenkartano.com\/tarina\/wp-content\/uploads\/2011\/05\/1921023_563222147107245_778080549_o.jpg 2048w\" sizes=\"auto, (max-width: 300px) 100vw, 300px\" \/><\/a><\/p>\n<p>&nbsp;<\/p>\n<p>Lampaita kasvatamme l\u00e4hinn\u00e4 paimennustoimintaa ja pakastimen t\u00e4ytt\u00e4mist\u00e4 silm\u00e4ll\u00e4pit\u00e4en. Lampaat ovat\u00a0 eri rotujen risteytyksi\u00e4 ja niiss\u00e4 esiintyy mm suomenlammasta,\u00a0 kainuuharmasta, dorpperia ja texeli\u00e4.<\/p>\n<p><a href=\"https:\/\/www.launostenkartano.com\/tarina\/wp-content\/uploads\/2011\/06\/Image14.png\"><img loading=\"lazy\" decoding=\"async\" class=\"alignright size-medium wp-image-252\" src=\"https:\/\/www.launostenkartano.com\/tarina\/wp-content\/uploads\/2011\/06\/Image14-300x204.png\" alt=\"\" width=\"300\" height=\"204\" srcset=\"https:\/\/www.launostenkartano.com\/tarina\/wp-content\/uploads\/2011\/06\/Image14-300x204.png 300w, https:\/\/www.launostenkartano.com\/tarina\/wp-content\/uploads\/2011\/06\/Image14.png 800w\" sizes=\"auto, (max-width: 300px) 100vw, 300px\" \/><\/a><\/p>\n<p>&nbsp;<\/p>\n<p>Tilallamme majailee vaihteleva m\u00e4\u00e4r\u00e4 hevosia, joista kaikki ovat yksityisomistuksessa ja osa on k\u00e4ytett\u00e4viss\u00e4 yritystoiminnassamme. Toiminnassa k\u00e4ytett\u00e4vist\u00e4 hevosista on erillinen kuvaus hevososiossa.<\/p>\n<p><a href=\"https:\/\/www.launostenkartano.com\/tarina\/wp-content\/uploads\/2011\/05\/22555620_1429687710460680_1462625094628741856_o.jpg\"><img loading=\"lazy\" decoding=\"async\" class=\"size-medium wp-image-871 alignleft\" src=\"https:\/\/www.launostenkartano.com\/tarina\/wp-content\/uploads\/2011\/05\/22555620_1429687710460680_1462625094628741856_o-300x225.jpg\" alt=\"\" width=\"300\" height=\"225\" srcset=\"https:\/\/www.launostenkartano.com\/tarina\/wp-content\/uploads\/2011\/05\/22555620_1429687710460680_1462625094628741856_o-300x225.jpg 300w, https:\/\/www.launostenkartano.com\/tarina\/wp-content\/uploads\/2011\/05\/22555620_1429687710460680_1462625094628741856_o-768x576.jpg 768w, https:\/\/www.launostenkartano.com\/tarina\/wp-content\/uploads\/2011\/05\/22555620_1429687710460680_1462625094628741856_o-1024x768.jpg 1024w, https:\/\/www.launostenkartano.com\/tarina\/wp-content\/uploads\/2011\/05\/22555620_1429687710460680_1462625094628741856_o.jpg 2048w\" sizes=\"auto, (max-width: 300px) 100vw, 300px\" \/><\/a><\/p>\n<p>&nbsp;<\/p>\n<p>&nbsp;<\/p>\n<p>&nbsp;<\/p>\n<p>Kanalassa asustelee kanaparvemme. Tuoreita munia ker\u00e4t\u00e4\u00e4n oman perheen tarpeisiin.<\/p>\n<p>&nbsp;<\/p>\n<p>&nbsp;<\/p>\n<p>&nbsp;<\/p>\n<p><a href=\"https:\/\/www.launostenkartano.com\/tarina\/wp-content\/uploads\/2011\/05\/10438351_806255279470596_950877064925698918_n.jpg\"><img loading=\"lazy\" decoding=\"async\" class=\"alignright size-medium wp-image-872\" src=\"https:\/\/www.launostenkartano.com\/tarina\/wp-content\/uploads\/2011\/05\/10438351_806255279470596_950877064925698918_n-300x225.jpg\" alt=\"\" width=\"300\" height=\"225\" srcset=\"https:\/\/www.launostenkartano.com\/tarina\/wp-content\/uploads\/2011\/05\/10438351_806255279470596_950877064925698918_n-300x225.jpg 300w, https:\/\/www.launostenkartano.com\/tarina\/wp-content\/uploads\/2011\/05\/10438351_806255279470596_950877064925698918_n-768x576.jpg 768w, https:\/\/www.launostenkartano.com\/tarina\/wp-content\/uploads\/2011\/05\/10438351_806255279470596_950877064925698918_n.jpg 960w\" sizes=\"auto, (max-width: 300px) 100vw, 300px\" \/><\/a>Koiria on nelj\u00e4, kaikki ovat ty\u00f6linjaisia austraalian paimenkoiria. Vanhin koiristamme on el\u00e4kel\u00e4inen Piki (Tuulensaaren Vieno), toiseksi vanhin on nautapaimenena\u00a0 parhaimmillaan toimiva\u00a0 Hoppuli (Tuulensaaren Hortensia) . Pusup\u00f6tkyl\u00e4 Ruu (Tuulensaaren Lystik\u00e4s) ei oikein sis\u00e4ist\u00e4 paimentamisen ideologiaa ja toimii innokkaana rottakoirana. Uutena tulokkaana on Hoppulin pentu Alo (Tuulensaaren Kielokukka) josta kasvaa tulevaisuuden hevosalan ammattilaisen Katin ty\u00f6koira.<\/p>\n\n\n<p><\/p>\n","protected":false},"excerpt":{"rendered":"<p>Tilallamme kasvatetaan lihantuotantoon risteytyskarjaa.\u00a0 Pieni laumamme elelee laitumella ymp\u00e4ri vuoden nauttien vapaudesta ja lauman sosiaalisesta el\u00e4m\u00e4st\u00e4. Tarjolla on vapaassa ruokinassa tilallamme tuotettua korsirehua. Kev\u00e4\u00e4ll\u00e4 syntyv\u00e4t vasikat saavat nauttia emojen hell\u00e4st\u00e4 hoidosta 7-8kk, jonka j\u00e4lkeen ne siirret\u00e4\u00e4n toiseen laumaan, jossa el\u00e4\u00e4 &hellip; <a href=\"https:\/\/www.launostenkartano.com\/?page_id=76\">Lue loppuun <span class=\"meta-nav\">&rarr;<\/span><\/a><\/p>\n","protected":false},"author":1,"featured_media":0,"parent":0,"menu_order":10,"comment_status":"closed","ping_status":"closed","template":"","meta":{"footnotes":""},"class_list":["post-76","page","type-page","status-publish","hentry"],"_links":{"self":[{"href":"https:\/\/www.launostenkartano.com\/index.php?rest_route=\/wp\/v2\/pages\/76","targetHints":{"allow":["GET"]}}],"collection":[{"href":"https:\/\/www.launostenkartano.com\/index.php?rest_route=\/wp\/v2\/pages"}],"about":[{"href":"https:\/\/www.launostenkartano.com\/index.php?rest_route=\/wp\/v2\/types\/page"}],"author":[{"embeddable":true,"href":"https:\/\/www.launostenkartano.com\/index.php?rest_route=\/wp\/v2\/users\/1"}],"replies":[{"embeddable":true,"href":"https:\/\/www.launostenkartano.com\/index.php?rest_route=%2Fwp%2Fv2%2Fcomments&post=76"}],"version-history":[{"count":32,"href":"https:\/\/www.launostenkartano.com\/index.php?rest_route=\/wp\/v2\/pages\/76\/revisions"}],"predecessor-version":[{"id":1150,"href":"https:\/\/www.launostenkartano.com\/index.php?rest_route=\/wp\/v2\/pages\/76\/revisions\/1150"}],"wp:attachment":[{"href":"https:\/\/www.launostenkartano.com\/index.php?rest_route=%2Fwp%2Fv2%2Fmedia&parent=76"}],"curies":[{"name":"wp","href":"https:\/\/api.w.org\/{rel}","templated":true}]}}