{"id":770,"date":"2017-04-25T12:37:11","date_gmt":"2017-04-25T09:37:11","guid":{"rendered":"http:\/\/www.launostenkartano.com\/?page_id=770"},"modified":"2025-05-23T12:36:02","modified_gmt":"2025-05-23T10:36:02","slug":"karjalajien-kilpailut","status":"publish","type":"page","link":"https:\/\/www.launostenkartano.com\/?page_id=770","title":{"rendered":"Karjalajien kilpailut"},"content":{"rendered":"<p>L\u00e4nnenratsastuksen karjalajien seuraavat kilpailut tulossa <strong>6.-8.6. Cowboy Games 2025<\/strong>, karjalajien harjoituskilpailut. Suomenmestaruuksista kilpaillaan <strong>12.-14.9. Cowboy Competition 2025<\/strong><br \/>\n<a href=\"https:\/\/www.launostenkartano.com\/tarina\/wp-content\/uploads\/2017\/04\/IMG_5887.jpg\"><img loading=\"lazy\" decoding=\"async\" class=\"alignright size-medium wp-image-834\" src=\"https:\/\/www.launostenkartano.com\/tarina\/wp-content\/uploads\/2017\/04\/IMG_5887-300x200.jpg\" alt=\"\" width=\"300\" height=\"200\" srcset=\"https:\/\/www.launostenkartano.com\/tarina\/wp-content\/uploads\/2017\/04\/IMG_5887-300x200.jpg 300w, https:\/\/www.launostenkartano.com\/tarina\/wp-content\/uploads\/2017\/04\/IMG_5887-768x513.jpg 768w, https:\/\/www.launostenkartano.com\/tarina\/wp-content\/uploads\/2017\/04\/IMG_5887-1024x684.jpg 1024w\" sizes=\"auto, (max-width: 300px) 100vw, 300px\" \/><\/a>Viikonlopun aikana mitell\u00e4\u00e4n amerikkalaisten karjapaimenten ty\u00f6h\u00f6n pohjautuvissa karjalajeissa. J\u00e4rjest\u00e4j\u00e4n\u00e4 toimii Launosten Kartano ja Finnish Cowboy Association ry. Kisapaikkana\u00a0 Pehtoorintie 18, 12540 Launonen.<\/p>\n<p><a href=\"https:\/\/www.launostenkartano.com\/tarina\/wp-content\/uploads\/2024\/04\/cattletrail.jpg\"><img loading=\"lazy\" decoding=\"async\" class=\"alignleft size-medium wp-image-1139\" src=\"https:\/\/www.launostenkartano.com\/tarina\/wp-content\/uploads\/2024\/04\/cattletrail-300x200.jpg\" alt=\"\" width=\"300\" height=\"200\" srcset=\"https:\/\/www.launostenkartano.com\/tarina\/wp-content\/uploads\/2024\/04\/cattletrail-300x200.jpg 300w, https:\/\/www.launostenkartano.com\/tarina\/wp-content\/uploads\/2024\/04\/cattletrail-1024x683.jpg 1024w, https:\/\/www.launostenkartano.com\/tarina\/wp-content\/uploads\/2024\/04\/cattletrail-768x512.jpg 768w, https:\/\/www.launostenkartano.com\/tarina\/wp-content\/uploads\/2024\/04\/cattletrail-1536x1025.jpg 1536w, https:\/\/www.launostenkartano.com\/tarina\/wp-content\/uploads\/2024\/04\/cattletrail.jpg 1841w\" sizes=\"auto, (max-width: 300px) 100vw, 300px\" \/><\/a><a href=\"https:\/\/www.launostenkartano.com\/tarina\/wp-content\/uploads\/2017\/04\/IMG_6102-kopio.jpg\"><img loading=\"lazy\" decoding=\"async\" class=\"alignright size-medium wp-image-840\" src=\"https:\/\/www.launostenkartano.com\/tarina\/wp-content\/uploads\/2017\/04\/IMG_6102-kopio-300x200.jpg\" alt=\"\" width=\"300\" height=\"200\" srcset=\"https:\/\/www.launostenkartano.com\/tarina\/wp-content\/uploads\/2017\/04\/IMG_6102-kopio-300x200.jpg 300w, https:\/\/www.launostenkartano.com\/tarina\/wp-content\/uploads\/2017\/04\/IMG_6102-kopio-768x513.jpg 768w, https:\/\/www.launostenkartano.com\/tarina\/wp-content\/uploads\/2017\/04\/IMG_6102-kopio-1024x684.jpg 1024w, https:\/\/www.launostenkartano.com\/tarina\/wp-content\/uploads\/2017\/04\/IMG_6102-kopio.jpg 1742w\" sizes=\"auto, (max-width: 300px) 100vw, 300px\" \/><\/a><\/p>\n<p>&nbsp;<\/p>\n<p>Viel\u00e4 ehtii opetella uuden lajin ja harjoitella taitonsa kisakuntoon.<\/p>\n<p>&nbsp;<\/p>\n<p>&nbsp;<\/p>\n<p>&nbsp;<\/p>\n<p>Mainostilaa on my\u00f6s varattavissa. Pienen mainoksen tila maksaa 20\u20ac, banderolli-paikka (pituus 2-6m) 50\u20ac ja t\u00e4st\u00e4 suurempi mainos 100\u20ac. Myyntip\u00f6yt\u00e4 paikka maksaa 10\u20ac\/p\u00e4iv\u00e4.<br \/>\nLis\u00e4tietoja Virpi\/0405584247.<\/p>\n<p><a href=\"https:\/\/onedrive.live.com\/?cid=21b4fd376016e0eb&amp;id=21B4FD376016E0EB!3494&amp;ithint=video,mov&amp;authkey=!AK9TmEtl-LMj0rY\" target=\"_blank\" rel=\"noopener noreferrer\">Mainosvideo paimennuskilpailuista<\/a><\/p>\n<p>Tervetuloa viihtym\u00e4\u00e4n villinl\u00e4nnen tunnelmiin!<\/p>\n","protected":false},"excerpt":{"rendered":"<p>L\u00e4nnenratsastuksen karjalajien seuraavat kilpailut tulossa 6.-8.6. Cowboy Games 2025, karjalajien harjoituskilpailut. Suomenmestaruuksista kilpaillaan 12.-14.9. Cowboy Competition 2025 Viikonlopun aikana mitell\u00e4\u00e4n amerikkalaisten karjapaimenten ty\u00f6h\u00f6n pohjautuvissa karjalajeissa. J\u00e4rjest\u00e4j\u00e4n\u00e4 toimii Launosten Kartano ja Finnish Cowboy Association ry. Kisapaikkana\u00a0 Pehtoorintie 18, 12540 Launonen. &nbsp; &hellip; <a href=\"https:\/\/www.launostenkartano.com\/?page_id=770\">Lue loppuun <span class=\"meta-nav\">&rarr;<\/span><\/a><\/p>\n","protected":false},"author":3,"featured_media":0,"parent":0,"menu_order":0,"comment_status":"closed","ping_status":"closed","template":"","meta":{"footnotes":""},"class_list":["post-770","page","type-page","status-publish","hentry"],"_links":{"self":[{"href":"https:\/\/www.launostenkartano.com\/index.php?rest_route=\/wp\/v2\/pages\/770","targetHints":{"allow":["GET"]}}],"collection":[{"href":"https:\/\/www.launostenkartano.com\/index.php?rest_route=\/wp\/v2\/pages"}],"about":[{"href":"https:\/\/www.launostenkartano.com\/index.php?rest_route=\/wp\/v2\/types\/page"}],"author":[{"embeddable":true,"href":"https:\/\/www.launostenkartano.com\/index.php?rest_route=\/wp\/v2\/users\/3"}],"replies":[{"embeddable":true,"href":"https:\/\/www.launostenkartano.com\/index.php?rest_route=%2Fwp%2Fv2%2Fcomments&post=770"}],"version-history":[{"count":20,"href":"https:\/\/www.launostenkartano.com\/index.php?rest_route=\/wp\/v2\/pages\/770\/revisions"}],"predecessor-version":[{"id":1205,"href":"https:\/\/www.launostenkartano.com\/index.php?rest_route=\/wp\/v2\/pages\/770\/revisions\/1205"}],"wp:attachment":[{"href":"https:\/\/www.launostenkartano.com\/index.php?rest_route=%2Fwp%2Fv2%2Fmedia&parent=770"}],"curies":[{"name":"wp","href":"https:\/\/api.w.org\/{rel}","templated":true}]}}