{"id":773,"date":"2017-04-25T12:40:57","date_gmt":"2017-04-25T09:40:57","guid":{"rendered":"http:\/\/www.launostenkartano.com\/?page_id=773"},"modified":"2022-08-23T10:11:43","modified_gmt":"2022-08-23T07:11:43","slug":"lajiesittely","status":"publish","type":"page","link":"https:\/\/www.launostenkartano.com\/?page_id=773","title":{"rendered":"Lajiesittely"},"content":{"rendered":"<style type=\"text\/css\">\n\t<!--\n\t\t@page { margin: 2cm }\n\t\tP { margin-bottom: 0.21cm }\n\t--><br \/>\n\t<\/style>\n<p>TEAM PENNING<\/p>\n<p>&#8211; Joukkue: 3 ratsukkoa<\/p>\n<p>&#8211; Naudat: tuomarin nime\u00e4m\u00e4 m\u00e4\u00e4r\u00e4, yleens\u00e4 12-18, merkitty numeroin ja v\u00e4rein.<\/p>\n<p>&#8211; Aikaraja: 1-taso 2 min, 2-taso 1,5 min.<br \/>\nAika alkaa, kun ensimm\u00e4inen ratsukko ylitt\u00e4\u00e4 keskilinjan. T\u00e4m\u00e4n j\u00e4lkeen tuomari nime\u00e4\u00e4 3 nautaa v\u00e4rin tai numeron perusteella. Joukkueen teht\u00e4v\u00e4n\u00e4 on kuljettaa 1-3 tuomarin nime\u00e4m\u00e4\u00e4 nautaa hoitokarsinaan kent\u00e4n toiselle puolelle aikarajan sis\u00e4ll\u00e4. Ajanotto pys\u00e4htyy, kun joukkue on valmis ja yksi ratsastaja nostaa k\u00e4tens\u00e4 yl\u00f6s karsinan suuaukolla.<\/p>\n<p>&#8211; Hyv\u00e4ksytty suoritus: kaikki kolme ratsukkoa ovat keskilinjan oikealla puolella, ylim\u00e4\u00e4r\u00e4iset naudat linjan toisella puolella, vain oikeita nauta karsinassa ja yksi ratsukoista ratsastajan k\u00e4si ylh\u00e4\u00e4ll\u00e4 karsinan suuaukolla.<\/p>\n<ul>\n<li>Ei-hyv\u00e4ksytty suoritus:<br \/>\n&#8211; Aikaraja tulee t\u00e4yteen<br \/>\n&#8211; Ei yht\u00e4\u00e4n nautaa karsinassa aikarajan t\u00e4yttyess\u00e4<br \/>\n&#8211; V\u00e4\u00e4r\u00e4 nauta k\u00e4y tai on karsinassa<br \/>\n&#8211; Hevosen etujalat karsinan sis\u00e4puolella<br \/>\n&#8211; Tuomari puhaltaa pelin poikki<br \/>\n&#8211; Yli 4 nautaa samanaikaisesti keskilinjan toisella puolella<\/li>\n<li><\/li>\n<\/ul>\n<p>CATTLE PENNING<\/p>\n<p>&#8211; 1 ratsukko<\/p>\n<p>&#8211; nautoja: tuomarin nime\u00e4m\u00e4 m\u00e4\u00e4r\u00e4, yleens\u00e4 12-18, merkitty numeroin ja v\u00e4rein.<\/p>\n<p>&#8211; Aikaraja: 1-taso 2 min, 2-taso 1\u00bd min.<br \/>\nAika alkaa, kun ratsukko ylitt\u00e4\u00e4 keskilinjan. T\u00e4m\u00e4n j\u00e4lkeen tuomari nime\u00e4\u00e4 yhden naudan numeron perusteella. Ratsukon teht\u00e4v\u00e4n\u00e4 on kuljettaa tuomarin nime\u00e4m\u00e4 nauta hoitokarsinaan kent\u00e4n toiselle puolelle aikarajan sis\u00e4ll\u00e4. Ajanotto pys\u00e4htyy, kun ratsukko on valmis ja ratsastaja nostaa k\u00e4tens\u00e4 yl\u00f6s karsinan suuaukolla.<\/p>\n<p>&#8211; Hyv\u00e4ksytty suoritus: ratsukko on keskilinjan oikealla puolella, ylim\u00e4\u00e4r\u00e4iset naudat linjan toisella puolella, vain oikea nauta karsinassa ja ratsastajan k\u00e4si ylh\u00e4\u00e4ll\u00e4 karsinan suuaukolla.<\/p>\n<ul>\n<li>Ei-hyv\u00e4ksytty suoritus:<br \/>\n&#8211; Aikaraja tulee t\u00e4yteen<br \/>\n&#8211; Ei yht\u00e4\u00e4n nautaa karsinassa aikarajan t\u00e4yttyess\u00e4<br \/>\n&#8211; V\u00e4\u00e4r\u00e4 nauta k\u00e4y tai on karsinassa<br \/>\n&#8211; Hevosen etujalat karsinan sis\u00e4puolella<br \/>\n&#8211; Tuomari puhaltaa pelin poikki<br \/>\n&#8211; Yli 4 nautaa samanaikaisesti linjan toisella puolella<\/li>\n<li><\/li>\n<\/ul>\n<p>TEAM SORTING<\/p>\n<ul>\n<li>Joukkue: 2 ratsukkoa<br \/>\n&#8211; nautoja: Yhteens\u00e4 12 nautaa. 10 nautaa merkitty numeroin 1-10 ja 2 nautaa ilman numeroa. Team Sorting on luokka, jossa naudat ja ratsukot ovat kahdessa aitauksessa, jotka on yhdistetty kahdeksikon muotoon. Toinen ratsukko liikuttaa nautoja ja erottaa haluamansa naudan, ja toinen ratsukko toimii porttina p\u00e4\u00e4st\u00e4en l\u00e4pi toiseen aitaukseen vain halutun naudan.<br \/>\n&#8211; Aika: tuomarin nime\u00e4m\u00e4, 1-taso 2 min, 2-taso 1,5 min. Aika alkaa, kun ensimm\u00e4inen ratsukko ylitt\u00e4\u00e4 linjan (portin kohta). T\u00e4m\u00e4n j\u00e4lkeen tuomari huutaa numeron, josta aloitetaan, sek\u00e4 suunnan (laskeva tai nouseva j\u00e4rjestys). Joukkueen teht\u00e4v\u00e4n\u00e4 on siirt\u00e4\u00e4 mahdollisimman monta nautaa yksitellen toisesta aitauksesta toiseen tuomarin nime\u00e4m\u00e4ss\u00e4 j\u00e4rjestyksess\u00e4 ja aikarajan sis\u00e4ll\u00e4.<br \/>\n&#8211; Hyv\u00e4ksytty tulos:<br \/>\n1-10 nautaa yksitellen portin l\u00e4pi aitauksesta toiseen oikeassa j\u00e4rjestyksess\u00e4 aikarajan sis\u00e4ll\u00e4.<br \/>\n&#8211; Ei-hyv\u00e4ksytty tulos:<br \/>\n&#8211; V\u00e4\u00e4r\u00e4 j\u00e4rjestys (laskeva\/ nouseva tai v\u00e4\u00e4r\u00e4 nauta)<br \/>\n&#8211; Kaksi nautaa portista l\u00e4pi samaan aikaan (per\u00e4kk\u00e4in oikeassa j\u00e4rjestyksess\u00e4 hyv\u00e4ksytty, t\u00e4ll\u00f6in takimaisen etujalat eiv\u00e4t saa olla etumaisen naudan takajalkojen etupuolella)<br \/>\n&#8211; Ajanotossa hevosen etujalat linjan yli<br \/>\n&#8211; Ei yht\u00e4\u00e4n nautaa eroteltuna<br \/>\n&#8211; Tuomari vihelt\u00e4\u00e4 pelin poikki<\/li>\n<li><\/li>\n<\/ul>\n<p>CATTLE TRAIL<\/p>\n<p>&#8211; Joukkue: 3-6 ratsukkoa<br \/>\n&#8211; nautoja: V\u00e4hint\u00e4\u00e4n 10 el\u00e4imen lauma.<br \/>\nCattle Trail on luokka, jossa laumaa kuljetetaan maasto-olosuhteissa ennalta m\u00e4\u00e4r\u00e4tty\u00e4 reitti\u00e4 pitkin suorittaen matkan varrelle asetettuja teht\u00e4vi\u00e4. Joukkueessa on yksi ajonjohtaja ja ryhm\u00e4 paimenia. Ajoreitti ja teht\u00e4v\u00e4t julkaistaan etuk\u00e4teen kisapaikalla ja joukkueenjohtajat saavat alueesta kartan.<br \/>\n&#8211; Aika: tuomarin m\u00e4\u00e4rittelem\u00e4 30-60min. Aika alkaa, kun ensimm\u00e4inen ratsukko ylitt\u00e4\u00e4 l\u00e4ht\u00f6aitauksen porttilinjan. Aika p\u00e4\u00e4ttyy kun koko lauma on p\u00e4\u00e4tepisteess\u00e4 pys\u00e4htyneen\u00e4 tai p\u00e4\u00e4teportin l\u00e4pi ajettuna niin ett\u00e4 yksi ratsukko on portilla ja joukkueenjohtaja nostaa k\u00e4den yl\u00f6s, tai m\u00e4\u00e4r\u00e4aika tulee t\u00e4yteen.<br \/>\n-Pisteytys:<br \/>\nJoukkueella on suorituksen alkaessa 70 pistett\u00e4, josta tuomari v\u00e4hent\u00e4\u00e4 ajon aikana tapahtuneista virheist\u00e4 virhepisteit\u00e4 ja lis\u00e4\u00e4 hyvin suoritetuista teht\u00e4vist\u00e4 lis\u00e4pisteit\u00e4.<br \/>\n&#8211; Ei-hyv\u00e4ksytty tulos:<br \/>\nTuomari vihelt\u00e4\u00e4 pelin poikki<\/p>\n<p>CATTLKE DRIVE<\/p>\n<p>TEAM PENNING<\/p>\n<p>&#8211; Joukkue: 3 ratsukkoa<\/p>\n<p>&#8211; Naudat: tuomarin nime\u00e4m\u00e4 m\u00e4\u00e4r\u00e4, yleens\u00e4 12-18, merkitty numeroin ja v\u00e4rein.<\/p>\n<p>&#8211; Aikaraja: 1-taso 2 min, 2-taso 1,5 min.<br \/>\nAika alkaa, kun ensimm\u00e4inen ratsukko ylitt\u00e4\u00e4 keskilinjan. T\u00e4m\u00e4n j\u00e4lkeen tuomari nime\u00e4\u00e4 3 nautaa v\u00e4rin tai numeron perusteella. Joukkueen teht\u00e4v\u00e4n\u00e4 on kuljettaa 1-3 tuomarin nime\u00e4m\u00e4\u00e4 nautaa hoitokarsinaan kent\u00e4n toiselle puolelle aikarajan sis\u00e4ll\u00e4. Ajanotto pys\u00e4htyy, kun joukkue on valmis ja yksi ratsastaja nostaa k\u00e4tens\u00e4 yl\u00f6s karsinan suuaukolla.<\/p>\n<p>&#8211; Hyv\u00e4ksytty suoritus: kaikki kolme ratsukkoa ovat keskilinjan oikealla puolella, ylim\u00e4\u00e4r\u00e4iset naudat linjan toisella puolella, vain oikeita nauta karsinassa ja yksi ratsukoista ratsastajan k\u00e4si ylh\u00e4\u00e4ll\u00e4 karsinan suuaukolla.<\/p>\n<ul>\n<li>Ei-hyv\u00e4ksytty suoritus:<br \/>\n&#8211; Aikaraja tulee t\u00e4yteen<br \/>\n&#8211; Ei yht\u00e4\u00e4n nautaa karsinassa aikarajan t\u00e4yttyess\u00e4<br \/>\n&#8211; V\u00e4\u00e4r\u00e4 nauta k\u00e4y tai on karsinassa<br \/>\n&#8211; Hevosen etujalat karsinan sis\u00e4puolella<br \/>\n&#8211; Tuomari puhaltaa pelin poikki<br \/>\n&#8211; Yli 4 nautaa samanaikaisesti keskilinjan toisella puolella<\/li>\n<li><\/li>\n<\/ul>\n<p>CATTLE PENNING<\/p>\n<p>&#8211; 1 ratsukko<\/p>\n<p>&#8211; nautoja: tuomarin nime\u00e4m\u00e4 m\u00e4\u00e4r\u00e4, yleens\u00e4 12-18, merkitty numeroin ja v\u00e4rein.<\/p>\n<p>&#8211; Aikaraja: 1-taso 2 min, 2-taso 1\u00bd min.<br \/>\nAika alkaa, kun ratsukko ylitt\u00e4\u00e4 keskilinjan. T\u00e4m\u00e4n j\u00e4lkeen tuomari nime\u00e4\u00e4 yhden naudan numeron perusteella. Ratsukon teht\u00e4v\u00e4n\u00e4 on kuljettaa tuomarin nime\u00e4m\u00e4 nauta hoitokarsinaan kent\u00e4n toiselle puolelle aikarajan sis\u00e4ll\u00e4. Ajanotto pys\u00e4htyy, kun ratsukko on valmis ja ratsastaja nostaa k\u00e4tens\u00e4 yl\u00f6s karsinan suuaukolla.<\/p>\n<p>&#8211; Hyv\u00e4ksytty suoritus: ratsukko on keskilinjan oikealla puolella, ylim\u00e4\u00e4r\u00e4iset naudat linjan toisella puolella, vain oikea nauta karsinassa ja ratsastajan k\u00e4si ylh\u00e4\u00e4ll\u00e4 karsinan suuaukolla.<\/p>\n<ul>\n<li>Ei-hyv\u00e4ksytty suoritus:<br \/>\n&#8211; Aikaraja tulee t\u00e4yteen<br \/>\n&#8211; Ei yht\u00e4\u00e4n nautaa karsinassa aikarajan t\u00e4yttyess\u00e4<br \/>\n&#8211; V\u00e4\u00e4r\u00e4 nauta k\u00e4y tai on karsinassa<br \/>\n&#8211; Hevosen etujalat karsinan sis\u00e4puolella<br \/>\n&#8211; Tuomari puhaltaa pelin poikki<br \/>\n&#8211; Yli 4 nautaa samanaikaisesti linjan toisella puolella<\/li>\n<li><\/li>\n<\/ul>\n<p>TEAM SORTING<\/p>\n<ul>\n<li>Joukkue: 2 ratsukkoa<br \/>\n&#8211; nautoja: Yhteens\u00e4 12 nautaa. 10 nautaa merkitty numeroin 1-10 ja 2 nautaa ilman numeroa. Team Sorting on luokka, jossa naudat ja ratsukot ovat kahdessa aitauksessa, jotka on yhdistetty kahdeksikon muotoon. Toinen ratsukko liikuttaa nautoja ja erottaa haluamansa naudan, ja toinen ratsukko toimii porttina p\u00e4\u00e4st\u00e4en l\u00e4pi toiseen aitaukseen vain halutun naudan.<br \/>\n&#8211; Aika: tuomarin nime\u00e4m\u00e4, 1-taso 2 min, 2-taso 1,5 min. Aika alkaa, kun ensimm\u00e4inen ratsukko ylitt\u00e4\u00e4 linjan (portin kohta). T\u00e4m\u00e4n j\u00e4lkeen tuomari huutaa numeron, josta aloitetaan, sek\u00e4 suunnan (laskeva tai nouseva j\u00e4rjestys). Joukkueen teht\u00e4v\u00e4n\u00e4 on siirt\u00e4\u00e4 mahdollisimman monta nautaa yksitellen toisesta aitauksesta toiseen tuomarin nime\u00e4m\u00e4ss\u00e4 j\u00e4rjestyksess\u00e4 ja aikarajan sis\u00e4ll\u00e4.<br \/>\n&#8211; Hyv\u00e4ksytty tulos:<br \/>\n1-10 nautaa yksitellen portin l\u00e4pi aitauksesta toiseen oikeassa j\u00e4rjestyksess\u00e4 aikarajan sis\u00e4ll\u00e4.<br \/>\n&#8211; Ei-hyv\u00e4ksytty tulos:<br \/>\n&#8211; V\u00e4\u00e4r\u00e4 j\u00e4rjestys (laskeva\/ nouseva tai v\u00e4\u00e4r\u00e4 nauta)<br \/>\n&#8211; Kaksi nautaa portista l\u00e4pi samaan aikaan (per\u00e4kk\u00e4in oikeassa j\u00e4rjestyksess\u00e4 hyv\u00e4ksytty, t\u00e4ll\u00f6in takimaisen etujalat eiv\u00e4t saa olla etumaisen naudan takajalkojen etupuolella)<br \/>\n&#8211; Ajanotossa hevosen etujalat linjan yli<br \/>\n&#8211; Ei yht\u00e4\u00e4n nautaa eroteltuna<br \/>\n&#8211; Tuomari vihelt\u00e4\u00e4 pelin poikki<\/li>\n<li><\/li>\n<\/ul>\n<p>CATTLE TRAIL<\/p>\n<p>&#8211; Joukkue: 3-6 ratsukkoa<br \/>\n&#8211; nautoja: V\u00e4hint\u00e4\u00e4n 10 el\u00e4imen lauma.<br \/>\nCattle Trail on luokka, jossa laumaa kuljetetaan maasto-olosuhteissa ennalta m\u00e4\u00e4r\u00e4tty\u00e4 reitti\u00e4 pitkin suorittaen matkan varrelle asetettuja teht\u00e4vi\u00e4. Joukkueessa on yksi ajonjohtaja ja ryhm\u00e4 paimenia. Ajoreitti ja teht\u00e4v\u00e4t julkaistaan etuk\u00e4teen kisapaikalla ja joukkueenjohtajat saavat alueesta kartan.<br \/>\n&#8211; Aika: tuomarin m\u00e4\u00e4rittelem\u00e4 30-60min. Aika alkaa, kun ensimm\u00e4inen ratsukko ylitt\u00e4\u00e4 l\u00e4ht\u00f6aitauksen porttilinjan. Aika p\u00e4\u00e4ttyy kun koko lauma on p\u00e4\u00e4tepisteess\u00e4 pys\u00e4htyneen\u00e4 tai p\u00e4\u00e4teportin l\u00e4pi ajettuna niin ett\u00e4 yksi ratsukko on portilla ja joukkueenjohtaja nostaa k\u00e4den yl\u00f6s, tai m\u00e4\u00e4r\u00e4aika tulee t\u00e4yteen.<br \/>\n-Pisteytys:<br \/>\nJoukkueella on suorituksen alkaessa 70 pistett\u00e4, josta tuomari v\u00e4hent\u00e4\u00e4 ajon aikana tapahtuneista virheist\u00e4 virhepisteit\u00e4 ja lis\u00e4\u00e4 hyvin suoritetuista teht\u00e4vist\u00e4 lis\u00e4pisteit\u00e4.<br \/>\n&#8211; Ei-hyv\u00e4ksytty tulos:<br \/>\nTuomari vihelt\u00e4\u00e4 pelin poikki<\/p>\n<p>CATTLKE DRIVE<\/p>\n<p>TEAM PENNING<\/p>\n<p>&#8211; Joukkue: 3 ratsukkoa<\/p>\n<p>&#8211; Naudat: tuomarin nime\u00e4m\u00e4 m\u00e4\u00e4r\u00e4, yleens\u00e4 12-18, merkitty numeroin ja v\u00e4rein.<\/p>\n<p>&#8211; Aikaraja: 1-taso 2 min, 2-taso 1,5 min.<br \/>\nAika alkaa, kun ensimm\u00e4inen ratsukko ylitt\u00e4\u00e4 keskilinjan. T\u00e4m\u00e4n j\u00e4lkeen tuomari nime\u00e4\u00e4 3 nautaa v\u00e4rin tai numeron perusteella. Joukkueen teht\u00e4v\u00e4n\u00e4 on kuljettaa 1-3 tuomarin nime\u00e4m\u00e4\u00e4 nautaa hoitokarsinaan kent\u00e4n toiselle puolelle aikarajan sis\u00e4ll\u00e4. Ajanotto pys\u00e4htyy, kun joukkue on valmis ja yksi ratsastaja nostaa k\u00e4tens\u00e4 yl\u00f6s karsinan suuaukolla.<\/p>\n<p>&#8211; Hyv\u00e4ksytty suoritus: kaikki kolme ratsukkoa ovat keskilinjan oikealla puolella, ylim\u00e4\u00e4r\u00e4iset naudat linjan toisella puolella, vain oikeita nauta karsinassa ja yksi ratsukoista ratsastajan k\u00e4si ylh\u00e4\u00e4ll\u00e4 karsinan suuaukolla.<\/p>\n<ul>\n<li>Ei-hyv\u00e4ksytty suoritus:<br \/>\n&#8211; Aikaraja tulee t\u00e4yteen<br \/>\n&#8211; Ei yht\u00e4\u00e4n nautaa karsinassa aikarajan t\u00e4yttyess\u00e4<br \/>\n&#8211; V\u00e4\u00e4r\u00e4 nauta k\u00e4y tai on karsinassa<br \/>\n&#8211; Hevosen etujalat karsinan sis\u00e4puolella<br \/>\n&#8211; Tuomari puhaltaa pelin poikki<br \/>\n&#8211; Yli 4 nautaa samanaikaisesti keskilinjan toisella puolella<\/li>\n<li><\/li>\n<\/ul>\n<p>CATTLE PENNING<\/p>\n<p>&#8211; 1 ratsukko<\/p>\n<p>&#8211; nautoja: tuomarin nime\u00e4m\u00e4 m\u00e4\u00e4r\u00e4, yleens\u00e4 12-18, merkitty numeroin ja v\u00e4rein.<\/p>\n<p>&#8211; Aikaraja: 1-taso 2 min, 2-taso 1\u00bd min.<br \/>\nAika alkaa, kun ratsukko ylitt\u00e4\u00e4 keskilinjan. T\u00e4m\u00e4n j\u00e4lkeen tuomari nime\u00e4\u00e4 yhden naudan numeron perusteella. Ratsukon teht\u00e4v\u00e4n\u00e4 on kuljettaa tuomarin nime\u00e4m\u00e4 nauta hoitokarsinaan kent\u00e4n toiselle puolelle aikarajan sis\u00e4ll\u00e4. Ajanotto pys\u00e4htyy, kun ratsukko on valmis ja ratsastaja nostaa k\u00e4tens\u00e4 yl\u00f6s karsinan suuaukolla.<\/p>\n<p>&#8211; Hyv\u00e4ksytty suoritus: ratsukko on keskilinjan oikealla puolella, ylim\u00e4\u00e4r\u00e4iset naudat linjan toisella puolella, vain oikea nauta karsinassa ja ratsastajan k\u00e4si ylh\u00e4\u00e4ll\u00e4 karsinan suuaukolla.<\/p>\n<ul>\n<li>Ei-hyv\u00e4ksytty suoritus:<br \/>\n&#8211; Aikaraja tulee t\u00e4yteen<br \/>\n&#8211; Ei yht\u00e4\u00e4n nautaa karsinassa aikarajan t\u00e4yttyess\u00e4<br \/>\n&#8211; V\u00e4\u00e4r\u00e4 nauta k\u00e4y tai on karsinassa<br \/>\n&#8211; Hevosen etujalat karsinan sis\u00e4puolella<br \/>\n&#8211; Tuomari puhaltaa pelin poikki<br \/>\n&#8211; Yli 4 nautaa samanaikaisesti linjan toisella puolella<\/li>\n<li><\/li>\n<\/ul>\n<p>TEAM SORTING<\/p>\n<ul>\n<li>Joukkue: 2 ratsukkoa<br \/>\n&#8211; nautoja: Yhteens\u00e4 12 nautaa. 10 nautaa merkitty numeroin 1-10 ja 2 nautaa ilman numeroa. Team Sorting on luokka, jossa naudat ja ratsukot ovat kahdessa aitauksessa, jotka on yhdistetty kahdeksikon muotoon. Toinen ratsukko liikuttaa nautoja ja erottaa haluamansa naudan, ja toinen ratsukko toimii porttina p\u00e4\u00e4st\u00e4en l\u00e4pi toiseen aitaukseen vain halutun naudan.<br \/>\n&#8211; Aika: tuomarin nime\u00e4m\u00e4, 1-taso 2 min, 2-taso 1,5 min. Aika alkaa, kun ensimm\u00e4inen ratsukko ylitt\u00e4\u00e4 linjan (portin kohta). T\u00e4m\u00e4n j\u00e4lkeen tuomari huutaa numeron, josta aloitetaan, sek\u00e4 suunnan (laskeva tai nouseva j\u00e4rjestys). Joukkueen teht\u00e4v\u00e4n\u00e4 on siirt\u00e4\u00e4 mahdollisimman monta nautaa yksitellen toisesta aitauksesta toiseen tuomarin nime\u00e4m\u00e4ss\u00e4 j\u00e4rjestyksess\u00e4 ja aikarajan sis\u00e4ll\u00e4.<br \/>\n&#8211; Hyv\u00e4ksytty tulos:<br \/>\n1-10 nautaa yksitellen portin l\u00e4pi aitauksesta toiseen oikeassa j\u00e4rjestyksess\u00e4 aikarajan sis\u00e4ll\u00e4.<br \/>\n&#8211; Ei-hyv\u00e4ksytty tulos:<br \/>\n&#8211; V\u00e4\u00e4r\u00e4 j\u00e4rjestys (laskeva\/ nouseva tai v\u00e4\u00e4r\u00e4 nauta)<br \/>\n&#8211; Kaksi nautaa portista l\u00e4pi samaan aikaan (per\u00e4kk\u00e4in oikeassa j\u00e4rjestyksess\u00e4 hyv\u00e4ksytty, t\u00e4ll\u00f6in takimaisen etujalat eiv\u00e4t saa olla etumaisen naudan takajalkojen etupuolella)<br \/>\n&#8211; Ajanotossa hevosen etujalat linjan yli<br \/>\n&#8211; Ei yht\u00e4\u00e4n nautaa eroteltuna<br \/>\n&#8211; Tuomari vihelt\u00e4\u00e4 pelin poikki<\/li>\n<li><\/li>\n<\/ul>\n<p>CATTLE TRAIL<\/p>\n<p>&#8211; Joukkue: 3-6 ratsukkoa<br \/>\n&#8211; nautoja: V\u00e4hint\u00e4\u00e4n 10 el\u00e4imen lauma.<br \/>\nCattle Trail on luokka, jossa laumaa kuljetetaan maasto-olosuhteissa ennalta m\u00e4\u00e4r\u00e4tty\u00e4 reitti\u00e4 pitkin suorittaen matkan varrelle asetettuja teht\u00e4vi\u00e4. Joukkueessa on yksi ajonjohtaja ja ryhm\u00e4 paimenia. Ajoreitti ja teht\u00e4v\u00e4t julkaistaan etuk\u00e4teen kisapaikalla ja joukkueenjohtajat saavat alueesta kartan.<br \/>\n&#8211; Aika: tuomarin m\u00e4\u00e4rittelem\u00e4 30-60min. Aika alkaa, kun ensimm\u00e4inen ratsukko ylitt\u00e4\u00e4 l\u00e4ht\u00f6aitauksen porttilinjan. Aika p\u00e4\u00e4ttyy kun koko lauma on p\u00e4\u00e4tepisteess\u00e4 pys\u00e4htyneen\u00e4 tai p\u00e4\u00e4teportin l\u00e4pi ajettuna niin ett\u00e4 yksi ratsukko on portilla ja joukkueenjohtaja nostaa k\u00e4den yl\u00f6s, tai m\u00e4\u00e4r\u00e4aika tulee t\u00e4yteen.<br \/>\n-Pisteytys:<br \/>\nJoukkueella on suorituksen alkaessa 70 pistett\u00e4, josta tuomari v\u00e4hent\u00e4\u00e4 ajon aikana tapahtuneista virheist\u00e4 virhepisteit\u00e4 ja lis\u00e4\u00e4 hyvin suoritetuista teht\u00e4vist\u00e4 lis\u00e4pisteit\u00e4.<br \/>\n&#8211; Ei-hyv\u00e4ksytty tulos:<br \/>\nTuomari vihelt\u00e4\u00e4 pelin poikki<\/p>\n<p>CATTLKE DRIVE<\/p>\n<p>Joukkue: 3-6 ratsukkoa<br \/>\n&#8211; nautoja: V\u00e4hint\u00e4\u00e4n 10 el\u00e4imen lauma.<br \/>\nCattle Drive on luokka, jossa laumaa k\u00e4sitell\u00e4\u00e4n ja kuljetetaan karja-aitauksissa hiekkapohjalla ennalta m\u00e4\u00e4r\u00e4tty\u00e4 reitti\u00e4 pitkin suorittaen matkan varrelle asetettuja teht\u00e4vi\u00e4. Joukkueessa on yksi ajonjohtaja ja ryhm\u00e4 paimenia. Ajoreitti ja teht\u00e4v\u00e4t julkaistaan etuk\u00e4teen kisapaikalla.<br \/>\n&#8211; Aika: tuomarin m\u00e4\u00e4rittelem\u00e4 30-60min. Aika alkaa, kun joukkue on jalkasin tuomarin luona ja kello k\u00e4ynnistet\u00e4\u00e4n. Aika p\u00e4\u00e4ttyy kun koko joukkue on takaisin tuomarin luona jalkaisin ja ilmoittaa suorituksen p\u00e4\u00e4ttyneeksi, tai m\u00e4\u00e4r\u00e4aika tulee t\u00e4yteen.<br \/>\n-Pisteytys:<br \/>\nJoukkueella on suorituksen alkaessa 70 pistett\u00e4, josta tuomari v\u00e4hent\u00e4\u00e4 ajon aikana tapahtuneista virheist\u00e4 virhepisteit\u00e4 ja lis\u00e4\u00e4 hyvin suoritetuista teht\u00e4vist\u00e4 lis\u00e4pisteit\u00e4.<br \/>\n&#8211; Ei-hyv\u00e4ksytty tulos:<br \/>\nTuomari vihelt\u00e4\u00e4 pelin poikki<\/p>\n","protected":false},"excerpt":{"rendered":"<p>TEAM PENNING &#8211; Joukkue: 3 ratsukkoa &#8211; Naudat: tuomarin nime\u00e4m\u00e4 m\u00e4\u00e4r\u00e4, yleens\u00e4 12-18, merkitty numeroin ja v\u00e4rein. &#8211; Aikaraja: 1-taso 2 min, 2-taso 1,5 min. Aika alkaa, kun ensimm\u00e4inen ratsukko ylitt\u00e4\u00e4 keskilinjan. T\u00e4m\u00e4n j\u00e4lkeen tuomari nime\u00e4\u00e4 3 nautaa v\u00e4rin tai &hellip; <a href=\"https:\/\/www.launostenkartano.com\/?page_id=773\">Lue loppuun <span class=\"meta-nav\">&rarr;<\/span><\/a><\/p>\n","protected":false},"author":3,"featured_media":0,"parent":770,"menu_order":0,"comment_status":"closed","ping_status":"closed","template":"","meta":{"footnotes":""},"class_list":["post-773","page","type-page","status-publish","hentry"],"_links":{"self":[{"href":"https:\/\/www.launostenkartano.com\/index.php?rest_route=\/wp\/v2\/pages\/773","targetHints":{"allow":["GET"]}}],"collection":[{"href":"https:\/\/www.launostenkartano.com\/index.php?rest_route=\/wp\/v2\/pages"}],"about":[{"href":"https:\/\/www.launostenkartano.com\/index.php?rest_route=\/wp\/v2\/types\/page"}],"author":[{"embeddable":true,"href":"https:\/\/www.launostenkartano.com\/index.php?rest_route=\/wp\/v2\/users\/3"}],"replies":[{"embeddable":true,"href":"https:\/\/www.launostenkartano.com\/index.php?rest_route=%2Fwp%2Fv2%2Fcomments&post=773"}],"version-history":[{"count":6,"href":"https:\/\/www.launostenkartano.com\/index.php?rest_route=\/wp\/v2\/pages\/773\/revisions"}],"predecessor-version":[{"id":1119,"href":"https:\/\/www.launostenkartano.com\/index.php?rest_route=\/wp\/v2\/pages\/773\/revisions\/1119"}],"up":[{"embeddable":true,"href":"https:\/\/www.launostenkartano.com\/index.php?rest_route=\/wp\/v2\/pages\/770"}],"wp:attachment":[{"href":"https:\/\/www.launostenkartano.com\/index.php?rest_route=%2Fwp%2Fv2%2Fmedia&parent=773"}],"curies":[{"name":"wp","href":"https:\/\/api.w.org\/{rel}","templated":true}]}}